{"id":1888,"date":"2014-10-30T15:04:06","date_gmt":"2014-10-30T13:04:06","guid":{"rendered":"https:\/\/www.hweber-partner.ch\/pflaesterungen\/bogenpflaesterung\/"},"modified":"2018-06-14T16:56:10","modified_gmt":"2018-06-14T14:56:10","slug":"pavage-en-arc-et-en-ecaille","status":"publish","type":"page","link":"https:\/\/www.hweber-partner.ch\/fr\/pavages\/pavage-en-arc-et-en-ecaille\/","title":{"rendered":"Pavage en arc et en \u00e9caille"},"content":{"rendered":"<p><a href=\"https:\/\/www.hweber-partner.ch\/wp-content\/uploads\/2014\/11\/Bogenpfl\u00e4sterung-Quarzsand-Bern.jpg\"><img loading=\"lazy\" class=\"alignnone size-thumbnail wp-image-564\" src=\"https:\/\/www.hweber-partner.ch\/wp-content\/uploads\/2014\/11\/Bogenpfl\u00e4sterung-Quarzsand-Bern-150x150.jpg\" alt=\"Bogenpfl\u00e4sterung Quarzsand Bern\" width=\"150\" height=\"150\" srcset=\"https:\/\/www.hweber-partner.ch\/wp-content\/uploads\/sites\/16\/2014\/11\/Bogenpfl\u00e4sterung-Quarzsand-Bern-150x150.jpg 150w, https:\/\/www.hweber-partner.ch\/wp-content\/uploads\/sites\/16\/2014\/11\/Bogenpfl\u00e4sterung-Quarzsand-Bern-200x200.jpg 200w, https:\/\/www.hweber-partner.ch\/wp-content\/uploads\/sites\/16\/2014\/11\/Bogenpfl\u00e4sterung-Quarzsand-Bern-400x400.jpg 400w, https:\/\/www.hweber-partner.ch\/wp-content\/uploads\/sites\/16\/2014\/11\/Bogenpfl\u00e4sterung-Quarzsand-Bern-800x800.jpg 800w\" sizes=\"(max-width: 150px) 100vw, 150px\" \/><\/a> <a href=\"https:\/\/www.hweber-partner.ch\/wp-content\/uploads\/2014\/11\/Bogenpfl\u00e4sterung-Porphyr-Spiez.jpg\"><img loading=\"lazy\" class=\"alignnone size-thumbnail wp-image-562\" src=\"https:\/\/www.hweber-partner.ch\/wp-content\/uploads\/2014\/11\/Bogenpfl\u00e4sterung-Porphyr-Spiez-150x150.jpg\" alt=\"Bogenpfl\u00e4sterung Porphyr Spiez\" width=\"150\" height=\"150\" srcset=\"https:\/\/www.hweber-partner.ch\/wp-content\/uploads\/sites\/16\/2014\/11\/Bogenpfl\u00e4sterung-Porphyr-Spiez-150x150.jpg 150w, https:\/\/www.hweber-partner.ch\/wp-content\/uploads\/sites\/16\/2014\/11\/Bogenpfl\u00e4sterung-Porphyr-Spiez-200x200.jpg 200w, https:\/\/www.hweber-partner.ch\/wp-content\/uploads\/sites\/16\/2014\/11\/Bogenpfl\u00e4sterung-Porphyr-Spiez-400x400.jpg 400w, https:\/\/www.hweber-partner.ch\/wp-content\/uploads\/sites\/16\/2014\/11\/Bogenpfl\u00e4sterung-Porphyr-Spiez-800x800.jpg 800w\" sizes=\"(max-width: 150px) 100vw, 150px\" \/><\/a> <a href=\"https:\/\/www.hweber-partner.ch\/wp-content\/uploads\/2014\/11\/Bogenpfl\u00e4sterung-Porphyr-Eden-Spiez.jpg\"><img loading=\"lazy\" class=\"alignnone size-thumbnail wp-image-559\" src=\"https:\/\/www.hweber-partner.ch\/wp-content\/uploads\/2014\/11\/Bogenpfl\u00e4sterung-Porphyr-Eden-Spiez-150x150.jpg\" alt=\"Bogenpfl\u00e4sterung Porphyr Eden Spiez\" width=\"150\" height=\"150\" srcset=\"https:\/\/www.hweber-partner.ch\/wp-content\/uploads\/sites\/16\/2014\/11\/Bogenpfl\u00e4sterung-Porphyr-Eden-Spiez-150x150.jpg 150w, https:\/\/www.hweber-partner.ch\/wp-content\/uploads\/sites\/16\/2014\/11\/Bogenpfl\u00e4sterung-Porphyr-Eden-Spiez-200x200.jpg 200w, https:\/\/www.hweber-partner.ch\/wp-content\/uploads\/sites\/16\/2014\/11\/Bogenpfl\u00e4sterung-Porphyr-Eden-Spiez-400x400.jpg 400w, https:\/\/www.hweber-partner.ch\/wp-content\/uploads\/sites\/16\/2014\/11\/Bogenpfl\u00e4sterung-Porphyr-Eden-Spiez-800x800.jpg 800w\" sizes=\"(max-width: 150px) 100vw, 150px\" \/><\/a><a href=\"https:\/\/www.hweber-partner.ch\/wp-content\/uploads\/2014\/11\/Schuppenpfl\u00e4sterung-Privat.jpg\"><img loading=\"lazy\" class=\"alignnone size-thumbnail wp-image-608\" src=\"https:\/\/www.hweber-partner.ch\/wp-content\/uploads\/2014\/11\/Schuppenpfl\u00e4sterung-Privat-150x150.jpg\" alt=\"Schuppenpfl\u00e4sterung Privat\" width=\"150\" height=\"150\" srcset=\"https:\/\/www.hweber-partner.ch\/wp-content\/uploads\/sites\/16\/2014\/11\/Schuppenpfl\u00e4sterung-Privat-150x150.jpg 150w, https:\/\/www.hweber-partner.ch\/wp-content\/uploads\/sites\/16\/2014\/11\/Schuppenpfl\u00e4sterung-Privat-200x200.jpg 200w, https:\/\/www.hweber-partner.ch\/wp-content\/uploads\/sites\/16\/2014\/11\/Schuppenpfl\u00e4sterung-Privat-400x400.jpg 400w, https:\/\/www.hweber-partner.ch\/wp-content\/uploads\/sites\/16\/2014\/11\/Schuppenpfl\u00e4sterung-Privat-800x800.jpg 800w\" sizes=\"(max-width: 150px) 100vw, 150px\" \/><\/a><\/p>\n<p><a href=\"https:\/\/www.hweber-partner.ch\/wp-content\/uploads\/2014\/11\/Bogenpfl\u00e4sterung-Muri.jpg\"><img loading=\"lazy\" class=\"alignnone size-thumbnail wp-image-557\" src=\"https:\/\/www.hweber-partner.ch\/wp-content\/uploads\/2014\/11\/Bogenpfl\u00e4sterung-Muri-150x150.jpg\" alt=\"Bogenpfl\u00e4sterung Muri\" width=\"150\" height=\"150\" srcset=\"https:\/\/www.hweber-partner.ch\/wp-content\/uploads\/sites\/16\/2014\/11\/Bogenpfl\u00e4sterung-Muri-150x150.jpg 150w, https:\/\/www.hweber-partner.ch\/wp-content\/uploads\/sites\/16\/2014\/11\/Bogenpfl\u00e4sterung-Muri-200x200.jpg 200w, https:\/\/www.hweber-partner.ch\/wp-content\/uploads\/sites\/16\/2014\/11\/Bogenpfl\u00e4sterung-Muri-400x400.jpg 400w, https:\/\/www.hweber-partner.ch\/wp-content\/uploads\/sites\/16\/2014\/11\/Bogenpfl\u00e4sterung-Muri-800x800.jpg 800w\" sizes=\"(max-width: 150px) 100vw, 150px\" \/><\/a>\u00a0<a href=\"https:\/\/www.hweber-partner.ch\/wp-content\/uploads\/2014\/11\/Bild-524.jpg\"><img loading=\"lazy\" class=\"alignnone size-thumbnail wp-image-536\" src=\"https:\/\/www.hweber-partner.ch\/wp-content\/uploads\/2014\/11\/Bild-524-150x150.jpg\" alt=\"Bogenpfl\u00e4sterung\" width=\"150\" height=\"150\" srcset=\"https:\/\/www.hweber-partner.ch\/wp-content\/uploads\/sites\/16\/2014\/11\/Bild-524-150x150.jpg 150w, https:\/\/www.hweber-partner.ch\/wp-content\/uploads\/sites\/16\/2014\/11\/Bild-524-200x200.jpg 200w, https:\/\/www.hweber-partner.ch\/wp-content\/uploads\/sites\/16\/2014\/11\/Bild-524-400x400.jpg 400w, https:\/\/www.hweber-partner.ch\/wp-content\/uploads\/sites\/16\/2014\/11\/Bild-524-800x800.jpg 800w\" sizes=\"(max-width: 150px) 100vw, 150px\" \/><\/a>\u00a0\u00a0<a href=\"https:\/\/www.hweber-partner.ch\/wp-content\/uploads\/2016\/10\/0J8A6759-Bearbeitet1.jpg\"><img loading=\"lazy\" class=\"alignnone size-thumbnail wp-image-1523\" src=\"https:\/\/www.hweber-partner.ch\/wp-content\/uploads\/2016\/10\/0J8A6759-Bearbeitet1-150x150.jpg\" alt=\"0J8A6759-Bearbeitet\" width=\"150\" height=\"150\" srcset=\"https:\/\/www.hweber-partner.ch\/wp-content\/uploads\/sites\/16\/2016\/10\/0J8A6759-Bearbeitet1-150x150.jpg 150w, https:\/\/www.hweber-partner.ch\/wp-content\/uploads\/sites\/16\/2016\/10\/0J8A6759-Bearbeitet1-200x200.jpg 200w, https:\/\/www.hweber-partner.ch\/wp-content\/uploads\/sites\/16\/2016\/10\/0J8A6759-Bearbeitet1-400x400.jpg 400w, https:\/\/www.hweber-partner.ch\/wp-content\/uploads\/sites\/16\/2016\/10\/0J8A6759-Bearbeitet1-800x800.jpg 800w\" sizes=\"(max-width: 150px) 100vw, 150px\" \/><\/a> <a href=\"https:\/\/www.hweber-partner.ch\/wp-content\/uploads\/2016\/10\/0J8A6815-Bearbeitet1.jpg\"><img loading=\"lazy\" class=\"alignnone size-thumbnail wp-image-1524\" src=\"https:\/\/www.hweber-partner.ch\/wp-content\/uploads\/2016\/10\/0J8A6815-Bearbeitet1-150x150.jpg\" alt=\"0J8A6815-Bearbeitet\" width=\"150\" height=\"150\" srcset=\"https:\/\/www.hweber-partner.ch\/wp-content\/uploads\/sites\/16\/2016\/10\/0J8A6815-Bearbeitet1-150x150.jpg 150w, https:\/\/www.hweber-partner.ch\/wp-content\/uploads\/sites\/16\/2016\/10\/0J8A6815-Bearbeitet1-200x200.jpg 200w, https:\/\/www.hweber-partner.ch\/wp-content\/uploads\/sites\/16\/2016\/10\/0J8A6815-Bearbeitet1-400x400.jpg 400w, https:\/\/www.hweber-partner.ch\/wp-content\/uploads\/sites\/16\/2016\/10\/0J8A6815-Bearbeitet1-800x800.jpg 800w\" sizes=\"(max-width: 150px) 100vw, 150px\" \/><\/a><\/p>\n<p><a href=\"https:\/\/www.hweber-partner.ch\/wp-content\/uploads\/2014\/06\/20130925_133636.jpg\">\u00a0<\/a><\/p>\n","protected":false},"excerpt":{"rendered":"<p>\u00a0\u00a0\u00a0 \u00a0<\/p>\n","protected":false},"author":5,"featured_media":0,"parent":1887,"menu_order":0,"comment_status":"open","ping_status":"open","template":"","meta":[],"acf":[],"yoast_head":"<!-- This site is optimized with the Yoast SEO plugin v18.5.1 - https:\/\/yoast.com\/wordpress\/plugins\/seo\/ -->\n<title>Pavage en arc et en \u00e9caille - H. Weber &amp; Partner<\/title>\n<meta name=\"robots\" content=\"index, follow, max-snippet:-1, max-image-preview:large, max-video-preview:-1\" \/>\n<link rel=\"canonical\" href=\"https:\/\/www.hweber-partner.ch\/fr\/pavages\/pavage-en-arc-et-en-ecaille\/\" \/>\n<meta property=\"og:locale\" content=\"fr_FR\" \/>\n<meta property=\"og:type\" content=\"article\" \/>\n<meta property=\"og:title\" content=\"Pavage en arc et en \u00e9caille - H. Weber &amp; Partner\" \/>\n<meta property=\"og:description\" content=\"\u00a0\u00a0\u00a0 \u00a0\" \/>\n<meta property=\"og:url\" content=\"https:\/\/www.hweber-partner.ch\/fr\/pavages\/pavage-en-arc-et-en-ecaille\/\" \/>\n<meta property=\"og:site_name\" content=\"H. Weber &amp; Partner\" \/>\n<meta property=\"article:modified_time\" content=\"2018-06-14T14:56:10+00:00\" \/>\n<meta property=\"og:image\" content=\"https:\/\/www.hweber-partner.ch\/wp-content\/uploads\/2014\/11\/Bild-524-150x150.jpg\" \/>\n<meta name=\"twitter:card\" content=\"summary_large_image\" \/>\n<script type=\"application\/ld+json\" class=\"yoast-schema-graph\">{\"@context\":\"https:\/\/schema.org\",\"@graph\":[{\"@type\":\"WebSite\",\"@id\":\"https:\/\/www.hweber-partner.ch\/#website\",\"url\":\"https:\/\/www.hweber-partner.ch\/\",\"name\":\"H. Weber &amp; Partner\",\"description\":\"Hochwertige Pfl\u00e4sterungen, Bel\u00e4ge und Natursteine f\u00fcr den Innen- und Aussenbereich.\",\"potentialAction\":[{\"@type\":\"SearchAction\",\"target\":{\"@type\":\"EntryPoint\",\"urlTemplate\":\"https:\/\/www.hweber-partner.ch\/?s={search_term_string}\"},\"query-input\":\"required name=search_term_string\"}],\"inLanguage\":\"fr-FR\"},{\"@type\":\"ImageObject\",\"@id\":\"https:\/\/www.hweber-partner.ch\/fr\/pavages\/pavage-en-arc-et-en-ecaille\/#primaryimage\",\"inLanguage\":\"fr-FR\",\"url\":\"https:\/\/www.hweber-partner.ch\/wp-content\/uploads\/2014\/11\/Bild-524-150x150.jpg\",\"contentUrl\":\"https:\/\/www.hweber-partner.ch\/wp-content\/uploads\/2014\/11\/Bild-524-150x150.jpg\"},{\"@type\":\"WebPage\",\"@id\":\"https:\/\/www.hweber-partner.ch\/fr\/pavages\/pavage-en-arc-et-en-ecaille\/#webpage\",\"url\":\"https:\/\/www.hweber-partner.ch\/fr\/pavages\/pavage-en-arc-et-en-ecaille\/\",\"name\":\"Pavage en arc et en \u00e9caille - H. Weber &amp; Partner\",\"isPartOf\":{\"@id\":\"https:\/\/www.hweber-partner.ch\/#website\"},\"primaryImageOfPage\":{\"@id\":\"https:\/\/www.hweber-partner.ch\/fr\/pavages\/pavage-en-arc-et-en-ecaille\/#primaryimage\"},\"datePublished\":\"2014-10-30T13:04:06+00:00\",\"dateModified\":\"2018-06-14T14:56:10+00:00\",\"breadcrumb\":{\"@id\":\"https:\/\/www.hweber-partner.ch\/fr\/pavages\/pavage-en-arc-et-en-ecaille\/#breadcrumb\"},\"inLanguage\":\"fr-FR\",\"potentialAction\":[{\"@type\":\"ReadAction\",\"target\":[\"https:\/\/www.hweber-partner.ch\/fr\/pavages\/pavage-en-arc-et-en-ecaille\/\"]}]},{\"@type\":\"BreadcrumbList\",\"@id\":\"https:\/\/www.hweber-partner.ch\/fr\/pavages\/pavage-en-arc-et-en-ecaille\/#breadcrumb\",\"itemListElement\":[{\"@type\":\"ListItem\",\"position\":1,\"name\":\"Startseite\",\"item\":\"https:\/\/www.hweber-partner.ch\/fr\/\"},{\"@type\":\"ListItem\",\"position\":2,\"name\":\"Pavages\",\"item\":\"https:\/\/www.hweber-partner.ch\/fr\/pavages\/\"},{\"@type\":\"ListItem\",\"position\":3,\"name\":\"Pavage en arc et en \u00e9caille\"}]}]}<\/script>\n<!-- \/ Yoast SEO plugin. -->","yoast_head_json":{"title":"Pavage en arc et en \u00e9caille - H. Weber &amp; Partner","robots":{"index":"index","follow":"follow","max-snippet":"max-snippet:-1","max-image-preview":"max-image-preview:large","max-video-preview":"max-video-preview:-1"},"canonical":"https:\/\/www.hweber-partner.ch\/fr\/pavages\/pavage-en-arc-et-en-ecaille\/","og_locale":"fr_FR","og_type":"article","og_title":"Pavage en arc et en \u00e9caille - H. Weber &amp; Partner","og_description":"\u00a0\u00a0\u00a0 \u00a0","og_url":"https:\/\/www.hweber-partner.ch\/fr\/pavages\/pavage-en-arc-et-en-ecaille\/","og_site_name":"H. Weber &amp; Partner","article_modified_time":"2018-06-14T14:56:10+00:00","og_image":[{"url":"https:\/\/www.hweber-partner.ch\/wp-content\/uploads\/2014\/11\/Bild-524-150x150.jpg"}],"twitter_card":"summary_large_image","schema":{"@context":"https:\/\/schema.org","@graph":[{"@type":"WebSite","@id":"https:\/\/www.hweber-partner.ch\/#website","url":"https:\/\/www.hweber-partner.ch\/","name":"H. Weber &amp; Partner","description":"Hochwertige Pfl\u00e4sterungen, Bel\u00e4ge und Natursteine f\u00fcr den Innen- und Aussenbereich.","potentialAction":[{"@type":"SearchAction","target":{"@type":"EntryPoint","urlTemplate":"https:\/\/www.hweber-partner.ch\/?s={search_term_string}"},"query-input":"required name=search_term_string"}],"inLanguage":"fr-FR"},{"@type":"ImageObject","@id":"https:\/\/www.hweber-partner.ch\/fr\/pavages\/pavage-en-arc-et-en-ecaille\/#primaryimage","inLanguage":"fr-FR","url":"https:\/\/www.hweber-partner.ch\/wp-content\/uploads\/2014\/11\/Bild-524-150x150.jpg","contentUrl":"https:\/\/www.hweber-partner.ch\/wp-content\/uploads\/2014\/11\/Bild-524-150x150.jpg"},{"@type":"WebPage","@id":"https:\/\/www.hweber-partner.ch\/fr\/pavages\/pavage-en-arc-et-en-ecaille\/#webpage","url":"https:\/\/www.hweber-partner.ch\/fr\/pavages\/pavage-en-arc-et-en-ecaille\/","name":"Pavage en arc et en \u00e9caille - H. Weber &amp; Partner","isPartOf":{"@id":"https:\/\/www.hweber-partner.ch\/#website"},"primaryImageOfPage":{"@id":"https:\/\/www.hweber-partner.ch\/fr\/pavages\/pavage-en-arc-et-en-ecaille\/#primaryimage"},"datePublished":"2014-10-30T13:04:06+00:00","dateModified":"2018-06-14T14:56:10+00:00","breadcrumb":{"@id":"https:\/\/www.hweber-partner.ch\/fr\/pavages\/pavage-en-arc-et-en-ecaille\/#breadcrumb"},"inLanguage":"fr-FR","potentialAction":[{"@type":"ReadAction","target":["https:\/\/www.hweber-partner.ch\/fr\/pavages\/pavage-en-arc-et-en-ecaille\/"]}]},{"@type":"BreadcrumbList","@id":"https:\/\/www.hweber-partner.ch\/fr\/pavages\/pavage-en-arc-et-en-ecaille\/#breadcrumb","itemListElement":[{"@type":"ListItem","position":1,"name":"Startseite","item":"https:\/\/www.hweber-partner.ch\/fr\/"},{"@type":"ListItem","position":2,"name":"Pavages","item":"https:\/\/www.hweber-partner.ch\/fr\/pavages\/"},{"@type":"ListItem","position":3,"name":"Pavage en arc et en \u00e9caille"}]}]}},"_links":{"self":[{"href":"https:\/\/www.hweber-partner.ch\/fr\/wp-json\/wp\/v2\/pages\/1888"}],"collection":[{"href":"https:\/\/www.hweber-partner.ch\/fr\/wp-json\/wp\/v2\/pages"}],"about":[{"href":"https:\/\/www.hweber-partner.ch\/fr\/wp-json\/wp\/v2\/types\/page"}],"author":[{"embeddable":true,"href":"https:\/\/www.hweber-partner.ch\/fr\/wp-json\/wp\/v2\/users\/5"}],"replies":[{"embeddable":true,"href":"https:\/\/www.hweber-partner.ch\/fr\/wp-json\/wp\/v2\/comments?post=1888"}],"version-history":[{"count":3,"href":"https:\/\/www.hweber-partner.ch\/fr\/wp-json\/wp\/v2\/pages\/1888\/revisions"}],"predecessor-version":[{"id":2059,"href":"https:\/\/www.hweber-partner.ch\/fr\/wp-json\/wp\/v2\/pages\/1888\/revisions\/2059"}],"up":[{"embeddable":true,"href":"https:\/\/www.hweber-partner.ch\/fr\/wp-json\/wp\/v2\/pages\/1887"}],"wp:attachment":[{"href":"https:\/\/www.hweber-partner.ch\/fr\/wp-json\/wp\/v2\/media?parent=1888"}],"curies":[{"name":"wp","href":"https:\/\/api.w.org\/{rel}","templated":true}]}}