{"id":1889,"date":"2014-05-02T17:02:53","date_gmt":"2014-05-02T15:02:53","guid":{"rendered":"https:\/\/www.hweber-partner.ch\/pflaesterungen\/reihenpflaesterung\/"},"modified":"2018-06-14T16:57:00","modified_gmt":"2018-06-14T14:57:00","slug":"pavage-en-ligne","status":"publish","type":"page","link":"https:\/\/www.hweber-partner.ch\/fr\/pavages\/pavage-en-ligne\/","title":{"rendered":"Pavage en ligne"},"content":{"rendered":"<p><a href=\"https:\/\/www.hweber-partner.ch\/wp-content\/uploads\/2014\/11\/Marktgasse-Bern.jpg\"><img loading=\"lazy\" class=\"alignnone wp-image-581\" src=\"https:\/\/www.hweber-partner.ch\/wp-content\/uploads\/2014\/11\/Marktgasse-Bern-150x150.jpg\" alt=\"Marktgasse Bern\" width=\"150\" height=\"150\" srcset=\"https:\/\/www.hweber-partner.ch\/wp-content\/uploads\/sites\/16\/2014\/11\/Marktgasse-Bern-150x150.jpg 150w, https:\/\/www.hweber-partner.ch\/wp-content\/uploads\/sites\/16\/2014\/11\/Marktgasse-Bern-200x200.jpg 200w, https:\/\/www.hweber-partner.ch\/wp-content\/uploads\/sites\/16\/2014\/11\/Marktgasse-Bern-400x400.jpg 400w, https:\/\/www.hweber-partner.ch\/wp-content\/uploads\/sites\/16\/2014\/11\/Marktgasse-Bern-800x800.jpg 800w\" sizes=\"(max-width: 150px) 100vw, 150px\" \/><\/a>\u00a0<a href=\"https:\/\/www.hweber-partner.ch\/wp-content\/uploads\/2014\/10\/Bild-628.jpg\"><img loading=\"lazy\" class=\" wp-image-410\" src=\"https:\/\/www.hweber-partner.ch\/wp-content\/uploads\/2014\/10\/Bild-628-150x150.jpg\" alt=\"Reihenpfl\u00e4sterung (Arbeit)\" width=\"151\" height=\"151\" srcset=\"https:\/\/www.hweber-partner.ch\/wp-content\/uploads\/sites\/16\/2014\/10\/Bild-628-150x150.jpg 150w, https:\/\/www.hweber-partner.ch\/wp-content\/uploads\/sites\/16\/2014\/10\/Bild-628-200x200.jpg 200w, https:\/\/www.hweber-partner.ch\/wp-content\/uploads\/sites\/16\/2014\/10\/Bild-628-400x400.jpg 400w, https:\/\/www.hweber-partner.ch\/wp-content\/uploads\/sites\/16\/2014\/10\/Bild-628-800x800.jpg 800w\" sizes=\"(max-width: 151px) 100vw, 151px\" \/><\/a>\u00a0<a href=\"https:\/\/www.hweber-partner.ch\/wp-content\/uploads\/2014\/11\/IMG_1516.jpg\"><img loading=\"lazy\" class=\"alignnone wp-image-797\" src=\"https:\/\/www.hweber-partner.ch\/wp-content\/uploads\/2014\/11\/IMG_1516-150x150.jpg\" alt=\"Reihenpfl\u00e4sterung 1\" width=\"150\" height=\"150\" srcset=\"https:\/\/www.hweber-partner.ch\/wp-content\/uploads\/sites\/16\/2014\/11\/IMG_1516-150x150.jpg 150w, https:\/\/www.hweber-partner.ch\/wp-content\/uploads\/sites\/16\/2014\/11\/IMG_1516-200x200.jpg 200w, https:\/\/www.hweber-partner.ch\/wp-content\/uploads\/sites\/16\/2014\/11\/IMG_1516-400x400.jpg 400w, https:\/\/www.hweber-partner.ch\/wp-content\/uploads\/sites\/16\/2014\/11\/IMG_1516-800x800.jpg 800w\" sizes=\"(max-width: 150px) 100vw, 150px\" \/><\/a>\u00a0<a href=\"https:\/\/www.hweber-partner.ch\/wp-content\/uploads\/2014\/11\/Reihenpfl\u00e4sterung-Marin-Quarzsandstein.jpg\"><img loading=\"lazy\" class=\"alignnone size-thumbnail wp-image-598\" src=\"https:\/\/www.hweber-partner.ch\/wp-content\/uploads\/2014\/11\/Reihenpfl\u00e4sterung-Marin-Quarzsandstein-150x150.jpg\" alt=\"Reihenpfl\u00e4sterung Marin Quarzsandstein\" width=\"150\" height=\"150\" srcset=\"https:\/\/www.hweber-partner.ch\/wp-content\/uploads\/sites\/16\/2014\/11\/Reihenpfl\u00e4sterung-Marin-Quarzsandstein-150x150.jpg 150w, https:\/\/www.hweber-partner.ch\/wp-content\/uploads\/sites\/16\/2014\/11\/Reihenpfl\u00e4sterung-Marin-Quarzsandstein-200x200.jpg 200w, https:\/\/www.hweber-partner.ch\/wp-content\/uploads\/sites\/16\/2014\/11\/Reihenpfl\u00e4sterung-Marin-Quarzsandstein-400x400.jpg 400w, https:\/\/www.hweber-partner.ch\/wp-content\/uploads\/sites\/16\/2014\/11\/Reihenpfl\u00e4sterung-Marin-Quarzsandstein-800x800.jpg 800w\" sizes=\"(max-width: 150px) 100vw, 150px\" \/><\/a><\/p>\n<p><a href=\"https:\/\/www.hweber-partner.ch\/wp-content\/uploads\/2014\/11\/Reihenpfl\u00e4sterung-Marin.jpg\"><img loading=\"lazy\" class=\"alignnone size-thumbnail wp-image-805\" src=\"https:\/\/www.hweber-partner.ch\/wp-content\/uploads\/2014\/11\/Reihenpfl\u00e4sterung-Marin-150x150.jpg\" alt=\"Reihenpfl\u00e4sterung Marin\" width=\"150\" height=\"150\" srcset=\"https:\/\/www.hweber-partner.ch\/wp-content\/uploads\/sites\/16\/2014\/11\/Reihenpfl\u00e4sterung-Marin-150x150.jpg 150w, https:\/\/www.hweber-partner.ch\/wp-content\/uploads\/sites\/16\/2014\/11\/Reihenpfl\u00e4sterung-Marin-200x200.jpg 200w, https:\/\/www.hweber-partner.ch\/wp-content\/uploads\/sites\/16\/2014\/11\/Reihenpfl\u00e4sterung-Marin-400x400.jpg 400w, https:\/\/www.hweber-partner.ch\/wp-content\/uploads\/sites\/16\/2014\/11\/Reihenpfl\u00e4sterung-Marin-800x800.jpg 800w\" sizes=\"(max-width: 150px) 100vw, 150px\" \/><\/a>\u00a0<a href=\"https:\/\/www.hweber-partner.ch\/wp-content\/uploads\/2014\/11\/IMG_1517.jpg\"><img loading=\"lazy\" class=\"alignnone size-thumbnail wp-image-799\" src=\"https:\/\/www.hweber-partner.ch\/wp-content\/uploads\/2014\/11\/IMG_1517-150x150.jpg\" alt=\"Reihenpfl\u00e4sterung 2\" width=\"150\" height=\"150\" srcset=\"https:\/\/www.hweber-partner.ch\/wp-content\/uploads\/sites\/16\/2014\/11\/IMG_1517-150x150.jpg 150w, https:\/\/www.hweber-partner.ch\/wp-content\/uploads\/sites\/16\/2014\/11\/IMG_1517-200x200.jpg 200w, https:\/\/www.hweber-partner.ch\/wp-content\/uploads\/sites\/16\/2014\/11\/IMG_1517-400x400.jpg 400w, https:\/\/www.hweber-partner.ch\/wp-content\/uploads\/sites\/16\/2014\/11\/IMG_1517-800x800.jpg 800w\" sizes=\"(max-width: 150px) 100vw, 150px\" \/><\/a><\/p>\n","protected":false},"excerpt":{"rendered":"<p>\u00a0\u00a0\u00a0 \u00a0<\/p>\n","protected":false},"author":6,"featured_media":0,"parent":1887,"menu_order":1,"comment_status":"open","ping_status":"open","template":"","meta":[],"acf":[],"yoast_head":"<!-- This site is optimized with the Yoast SEO plugin v18.5.1 - https:\/\/yoast.com\/wordpress\/plugins\/seo\/ -->\n<title>Pavage en ligne - H. Weber &amp; Partner<\/title>\n<meta name=\"robots\" content=\"index, follow, max-snippet:-1, max-image-preview:large, max-video-preview:-1\" \/>\n<link rel=\"canonical\" href=\"https:\/\/www.hweber-partner.ch\/fr\/pavages\/pavage-en-ligne\/\" \/>\n<meta property=\"og:locale\" content=\"fr_FR\" \/>\n<meta property=\"og:type\" content=\"article\" \/>\n<meta property=\"og:title\" content=\"Pavage en ligne - H. Weber &amp; Partner\" \/>\n<meta property=\"og:description\" content=\"\u00a0\u00a0\u00a0 \u00a0\" \/>\n<meta property=\"og:url\" content=\"https:\/\/www.hweber-partner.ch\/fr\/pavages\/pavage-en-ligne\/\" \/>\n<meta property=\"og:site_name\" content=\"H. Weber &amp; Partner\" \/>\n<meta property=\"article:modified_time\" content=\"2018-06-14T14:57:00+00:00\" \/>\n<meta property=\"og:image\" content=\"https:\/\/www.hweber-partner.ch\/wp-content\/uploads\/2014\/11\/Marktgasse-Bern-150x150.jpg\" \/>\n<meta name=\"twitter:card\" content=\"summary_large_image\" \/>\n<script type=\"application\/ld+json\" class=\"yoast-schema-graph\">{\"@context\":\"https:\/\/schema.org\",\"@graph\":[{\"@type\":\"WebSite\",\"@id\":\"https:\/\/www.hweber-partner.ch\/#website\",\"url\":\"https:\/\/www.hweber-partner.ch\/\",\"name\":\"H. Weber &amp; Partner\",\"description\":\"Hochwertige Pfl\u00e4sterungen, Bel\u00e4ge und Natursteine f\u00fcr den Innen- und Aussenbereich.\",\"potentialAction\":[{\"@type\":\"SearchAction\",\"target\":{\"@type\":\"EntryPoint\",\"urlTemplate\":\"https:\/\/www.hweber-partner.ch\/?s={search_term_string}\"},\"query-input\":\"required name=search_term_string\"}],\"inLanguage\":\"fr-FR\"},{\"@type\":\"ImageObject\",\"@id\":\"https:\/\/www.hweber-partner.ch\/fr\/pavages\/pavage-en-ligne\/#primaryimage\",\"inLanguage\":\"fr-FR\",\"url\":\"https:\/\/www.hweber-partner.ch\/wp-content\/uploads\/2014\/11\/Marktgasse-Bern-150x150.jpg\",\"contentUrl\":\"https:\/\/www.hweber-partner.ch\/wp-content\/uploads\/2014\/11\/Marktgasse-Bern-150x150.jpg\"},{\"@type\":\"WebPage\",\"@id\":\"https:\/\/www.hweber-partner.ch\/fr\/pavages\/pavage-en-ligne\/#webpage\",\"url\":\"https:\/\/www.hweber-partner.ch\/fr\/pavages\/pavage-en-ligne\/\",\"name\":\"Pavage en ligne - H. Weber &amp; Partner\",\"isPartOf\":{\"@id\":\"https:\/\/www.hweber-partner.ch\/#website\"},\"primaryImageOfPage\":{\"@id\":\"https:\/\/www.hweber-partner.ch\/fr\/pavages\/pavage-en-ligne\/#primaryimage\"},\"datePublished\":\"2014-05-02T15:02:53+00:00\",\"dateModified\":\"2018-06-14T14:57:00+00:00\",\"breadcrumb\":{\"@id\":\"https:\/\/www.hweber-partner.ch\/fr\/pavages\/pavage-en-ligne\/#breadcrumb\"},\"inLanguage\":\"fr-FR\",\"potentialAction\":[{\"@type\":\"ReadAction\",\"target\":[\"https:\/\/www.hweber-partner.ch\/fr\/pavages\/pavage-en-ligne\/\"]}]},{\"@type\":\"BreadcrumbList\",\"@id\":\"https:\/\/www.hweber-partner.ch\/fr\/pavages\/pavage-en-ligne\/#breadcrumb\",\"itemListElement\":[{\"@type\":\"ListItem\",\"position\":1,\"name\":\"Startseite\",\"item\":\"https:\/\/www.hweber-partner.ch\/fr\/\"},{\"@type\":\"ListItem\",\"position\":2,\"name\":\"Pavages\",\"item\":\"https:\/\/www.hweber-partner.ch\/fr\/pavages\/\"},{\"@type\":\"ListItem\",\"position\":3,\"name\":\"Pavage en ligne\"}]}]}<\/script>\n<!-- \/ Yoast SEO plugin. -->","yoast_head_json":{"title":"Pavage en ligne - H. Weber &amp; Partner","robots":{"index":"index","follow":"follow","max-snippet":"max-snippet:-1","max-image-preview":"max-image-preview:large","max-video-preview":"max-video-preview:-1"},"canonical":"https:\/\/www.hweber-partner.ch\/fr\/pavages\/pavage-en-ligne\/","og_locale":"fr_FR","og_type":"article","og_title":"Pavage en ligne - H. Weber &amp; Partner","og_description":"\u00a0\u00a0\u00a0 \u00a0","og_url":"https:\/\/www.hweber-partner.ch\/fr\/pavages\/pavage-en-ligne\/","og_site_name":"H. Weber &amp; Partner","article_modified_time":"2018-06-14T14:57:00+00:00","og_image":[{"url":"https:\/\/www.hweber-partner.ch\/wp-content\/uploads\/2014\/11\/Marktgasse-Bern-150x150.jpg"}],"twitter_card":"summary_large_image","schema":{"@context":"https:\/\/schema.org","@graph":[{"@type":"WebSite","@id":"https:\/\/www.hweber-partner.ch\/#website","url":"https:\/\/www.hweber-partner.ch\/","name":"H. Weber &amp; Partner","description":"Hochwertige Pfl\u00e4sterungen, Bel\u00e4ge und Natursteine f\u00fcr den Innen- und Aussenbereich.","potentialAction":[{"@type":"SearchAction","target":{"@type":"EntryPoint","urlTemplate":"https:\/\/www.hweber-partner.ch\/?s={search_term_string}"},"query-input":"required name=search_term_string"}],"inLanguage":"fr-FR"},{"@type":"ImageObject","@id":"https:\/\/www.hweber-partner.ch\/fr\/pavages\/pavage-en-ligne\/#primaryimage","inLanguage":"fr-FR","url":"https:\/\/www.hweber-partner.ch\/wp-content\/uploads\/2014\/11\/Marktgasse-Bern-150x150.jpg","contentUrl":"https:\/\/www.hweber-partner.ch\/wp-content\/uploads\/2014\/11\/Marktgasse-Bern-150x150.jpg"},{"@type":"WebPage","@id":"https:\/\/www.hweber-partner.ch\/fr\/pavages\/pavage-en-ligne\/#webpage","url":"https:\/\/www.hweber-partner.ch\/fr\/pavages\/pavage-en-ligne\/","name":"Pavage en ligne - H. Weber &amp; Partner","isPartOf":{"@id":"https:\/\/www.hweber-partner.ch\/#website"},"primaryImageOfPage":{"@id":"https:\/\/www.hweber-partner.ch\/fr\/pavages\/pavage-en-ligne\/#primaryimage"},"datePublished":"2014-05-02T15:02:53+00:00","dateModified":"2018-06-14T14:57:00+00:00","breadcrumb":{"@id":"https:\/\/www.hweber-partner.ch\/fr\/pavages\/pavage-en-ligne\/#breadcrumb"},"inLanguage":"fr-FR","potentialAction":[{"@type":"ReadAction","target":["https:\/\/www.hweber-partner.ch\/fr\/pavages\/pavage-en-ligne\/"]}]},{"@type":"BreadcrumbList","@id":"https:\/\/www.hweber-partner.ch\/fr\/pavages\/pavage-en-ligne\/#breadcrumb","itemListElement":[{"@type":"ListItem","position":1,"name":"Startseite","item":"https:\/\/www.hweber-partner.ch\/fr\/"},{"@type":"ListItem","position":2,"name":"Pavages","item":"https:\/\/www.hweber-partner.ch\/fr\/pavages\/"},{"@type":"ListItem","position":3,"name":"Pavage en ligne"}]}]}},"_links":{"self":[{"href":"https:\/\/www.hweber-partner.ch\/fr\/wp-json\/wp\/v2\/pages\/1889"}],"collection":[{"href":"https:\/\/www.hweber-partner.ch\/fr\/wp-json\/wp\/v2\/pages"}],"about":[{"href":"https:\/\/www.hweber-partner.ch\/fr\/wp-json\/wp\/v2\/types\/page"}],"author":[{"embeddable":true,"href":"https:\/\/www.hweber-partner.ch\/fr\/wp-json\/wp\/v2\/users\/6"}],"replies":[{"embeddable":true,"href":"https:\/\/www.hweber-partner.ch\/fr\/wp-json\/wp\/v2\/comments?post=1889"}],"version-history":[{"count":3,"href":"https:\/\/www.hweber-partner.ch\/fr\/wp-json\/wp\/v2\/pages\/1889\/revisions"}],"predecessor-version":[{"id":2060,"href":"https:\/\/www.hweber-partner.ch\/fr\/wp-json\/wp\/v2\/pages\/1889\/revisions\/2060"}],"up":[{"embeddable":true,"href":"https:\/\/www.hweber-partner.ch\/fr\/wp-json\/wp\/v2\/pages\/1887"}],"wp:attachment":[{"href":"https:\/\/www.hweber-partner.ch\/fr\/wp-json\/wp\/v2\/media?parent=1889"}],"curies":[{"name":"wp","href":"https:\/\/api.w.org\/{rel}","templated":true}]}}