{"id":1892,"date":"2014-05-02T17:02:53","date_gmt":"2014-05-02T15:02:53","guid":{"rendered":"https:\/\/www.hweber-partner.ch\/pflaesterungen\/kieselpflaesterung\/"},"modified":"2018-06-14T16:58:16","modified_gmt":"2018-06-14T14:58:16","slug":"pavage-avec-galets","status":"publish","type":"page","link":"https:\/\/www.hweber-partner.ch\/fr\/pavages\/pavage-avec-galets\/","title":{"rendered":"Pavage avec galets"},"content":{"rendered":"<p><a href=\"https:\/\/www.hweber-partner.ch\/wp-content\/uploads\/2015\/07\/Bollensteine-College-Calvin-Genf-Frontseite3.jpg\"><img loading=\"lazy\" class=\"alignnone size-thumbnail wp-image-1447\" src=\"https:\/\/www.hweber-partner.ch\/wp-content\/uploads\/2015\/07\/Bollensteine-College-Calvin-Genf-Frontseite3-150x150.jpg\" alt=\"Bollensteine College Calvin Genf Frontseite3\" width=\"150\" height=\"150\" srcset=\"https:\/\/www.hweber-partner.ch\/wp-content\/uploads\/sites\/16\/2015\/07\/Bollensteine-College-Calvin-Genf-Frontseite3-150x150.jpg 150w, https:\/\/www.hweber-partner.ch\/wp-content\/uploads\/sites\/16\/2015\/07\/Bollensteine-College-Calvin-Genf-Frontseite3-200x200.jpg 200w, https:\/\/www.hweber-partner.ch\/wp-content\/uploads\/sites\/16\/2015\/07\/Bollensteine-College-Calvin-Genf-Frontseite3-400x400.jpg 400w, https:\/\/www.hweber-partner.ch\/wp-content\/uploads\/sites\/16\/2015\/07\/Bollensteine-College-Calvin-Genf-Frontseite3-800x800.jpg 800w\" sizes=\"(max-width: 150px) 100vw, 150px\" \/><\/a><a href=\"https:\/\/www.hweber-partner.ch\/wp-content\/uploads\/2015\/07\/Bollensteine-wild-mit-Zementm\u00f6rtel.jpg\"><img loading=\"lazy\" class=\"alignnone size-thumbnail wp-image-1449\" src=\"https:\/\/www.hweber-partner.ch\/wp-content\/uploads\/2015\/07\/Bollensteine-wild-mit-Zementm\u00f6rtel-150x150.jpg\" alt=\"Bollensteine wild mit Zementm\u00f6rtel\" width=\"150\" height=\"150\" srcset=\"https:\/\/www.hweber-partner.ch\/wp-content\/uploads\/sites\/16\/2015\/07\/Bollensteine-wild-mit-Zementm\u00f6rtel-150x150.jpg 150w, https:\/\/www.hweber-partner.ch\/wp-content\/uploads\/sites\/16\/2015\/07\/Bollensteine-wild-mit-Zementm\u00f6rtel-200x200.jpg 200w, https:\/\/www.hweber-partner.ch\/wp-content\/uploads\/sites\/16\/2015\/07\/Bollensteine-wild-mit-Zementm\u00f6rtel-400x400.jpg 400w, https:\/\/www.hweber-partner.ch\/wp-content\/uploads\/sites\/16\/2015\/07\/Bollensteine-wild-mit-Zementm\u00f6rtel-800x800.jpg 800w\" sizes=\"(max-width: 150px) 100vw, 150px\" \/><\/a><a href=\"https:\/\/www.hweber-partner.ch\/wp-content\/uploads\/2015\/07\/Bollensteine-College-Calvin-Genf-Frontseite4.jpg\"><img loading=\"lazy\" class=\"alignnone size-thumbnail wp-image-1445\" src=\"https:\/\/www.hweber-partner.ch\/wp-content\/uploads\/2015\/07\/Bollensteine-College-Calvin-Genf-Frontseite4-150x150.jpg\" alt=\"Bollensteine College Calvin Genf Frontseite4\" width=\"150\" height=\"150\" srcset=\"https:\/\/www.hweber-partner.ch\/wp-content\/uploads\/sites\/16\/2015\/07\/Bollensteine-College-Calvin-Genf-Frontseite4-150x150.jpg 150w, https:\/\/www.hweber-partner.ch\/wp-content\/uploads\/sites\/16\/2015\/07\/Bollensteine-College-Calvin-Genf-Frontseite4-200x200.jpg 200w, https:\/\/www.hweber-partner.ch\/wp-content\/uploads\/sites\/16\/2015\/07\/Bollensteine-College-Calvin-Genf-Frontseite4-400x400.jpg 400w, https:\/\/www.hweber-partner.ch\/wp-content\/uploads\/sites\/16\/2015\/07\/Bollensteine-College-Calvin-Genf-Frontseite4-800x800.jpg 800w\" sizes=\"(max-width: 150px) 100vw, 150px\" \/><\/a><a href=\"https:\/\/www.hweber-partner.ch\/wp-content\/uploads\/2015\/07\/Bollensteine-College-Calvin-Genf-R\u00fcckseite.jpg\"><img loading=\"lazy\" class=\"alignnone size-thumbnail wp-image-1443\" src=\"https:\/\/www.hweber-partner.ch\/wp-content\/uploads\/2015\/07\/Bollensteine-College-Calvin-Genf-R\u00fcckseite-150x150.jpg\" alt=\"Bollensteine College Calvin Genf R\u00fcckseite\" width=\"150\" height=\"150\" srcset=\"https:\/\/www.hweber-partner.ch\/wp-content\/uploads\/sites\/16\/2015\/07\/Bollensteine-College-Calvin-Genf-R\u00fcckseite-150x150.jpg 150w, https:\/\/www.hweber-partner.ch\/wp-content\/uploads\/sites\/16\/2015\/07\/Bollensteine-College-Calvin-Genf-R\u00fcckseite-200x200.jpg 200w, https:\/\/www.hweber-partner.ch\/wp-content\/uploads\/sites\/16\/2015\/07\/Bollensteine-College-Calvin-Genf-R\u00fcckseite-400x400.jpg 400w, https:\/\/www.hweber-partner.ch\/wp-content\/uploads\/sites\/16\/2015\/07\/Bollensteine-College-Calvin-Genf-R\u00fcckseite-800x800.jpg 800w\" sizes=\"(max-width: 150px) 100vw, 150px\" \/><\/a><a href=\"https:\/\/www.hweber-partner.ch\/wp-content\/uploads\/2014\/11\/Kieselplaster.jpg\"><img loading=\"lazy\" class=\"alignnone size-thumbnail wp-image-696\" src=\"https:\/\/www.hweber-partner.ch\/wp-content\/uploads\/2014\/11\/Kieselplaster-150x150.jpg\" alt=\"Kieselplaster\" width=\"150\" height=\"150\" srcset=\"https:\/\/www.hweber-partner.ch\/wp-content\/uploads\/sites\/16\/2014\/11\/Kieselplaster-150x150.jpg 150w, https:\/\/www.hweber-partner.ch\/wp-content\/uploads\/sites\/16\/2014\/11\/Kieselplaster-200x200.jpg 200w, https:\/\/www.hweber-partner.ch\/wp-content\/uploads\/sites\/16\/2014\/11\/Kieselplaster-400x400.jpg 400w\" sizes=\"(max-width: 150px) 100vw, 150px\" \/><\/a><a href=\"https:\/\/www.hweber-partner.ch\/wp-content\/uploads\/2014\/11\/Kieselpflaster1.jpg\"><img loading=\"lazy\" class=\"alignnone wp-image-694\" src=\"https:\/\/www.hweber-partner.ch\/wp-content\/uploads\/2014\/11\/Kieselpflaster1-150x150.jpg\" alt=\"Kieselpflaster1\" width=\"150\" height=\"150\" srcset=\"https:\/\/www.hweber-partner.ch\/wp-content\/uploads\/sites\/16\/2014\/11\/Kieselpflaster1-150x150.jpg 150w, https:\/\/www.hweber-partner.ch\/wp-content\/uploads\/sites\/16\/2014\/11\/Kieselpflaster1-200x200.jpg 200w, https:\/\/www.hweber-partner.ch\/wp-content\/uploads\/sites\/16\/2014\/11\/Kieselpflaster1-400x400.jpg 400w\" sizes=\"(max-width: 150px) 100vw, 150px\" \/><\/a><a href=\"https:\/\/www.hweber-partner.ch\/wp-content\/uploads\/2014\/11\/Flusskieselpfl\u00e4sterung-M\u00f4tiers.jpg\"><img loading=\"lazy\" class=\"alignnone size-thumbnail wp-image-572\" src=\"https:\/\/www.hweber-partner.ch\/wp-content\/uploads\/2014\/11\/Flusskieselpfl\u00e4sterung-M\u00f4tiers-150x150.jpg\" alt=\"Flusskieselpfl\u00e4sterung M\u00f4tiers\" width=\"150\" height=\"150\" srcset=\"https:\/\/www.hweber-partner.ch\/wp-content\/uploads\/sites\/16\/2014\/11\/Flusskieselpfl\u00e4sterung-M\u00f4tiers-150x150.jpg 150w, https:\/\/www.hweber-partner.ch\/wp-content\/uploads\/sites\/16\/2014\/11\/Flusskieselpfl\u00e4sterung-M\u00f4tiers-200x200.jpg 200w, https:\/\/www.hweber-partner.ch\/wp-content\/uploads\/sites\/16\/2014\/11\/Flusskieselpfl\u00e4sterung-M\u00f4tiers-400x400.jpg 400w, https:\/\/www.hweber-partner.ch\/wp-content\/uploads\/sites\/16\/2014\/11\/Flusskieselpfl\u00e4sterung-M\u00f4tiers-800x800.jpg 800w\" sizes=\"(max-width: 150px) 100vw, 150px\" \/><\/a><a href=\"https:\/\/www.hweber-partner.ch\/wp-content\/uploads\/2014\/11\/Flusswackenpfl\u00e4sterung-Bern.jpg\"><img loading=\"lazy\" class=\"alignnone size-thumbnail wp-image-574\" src=\"https:\/\/www.hweber-partner.ch\/wp-content\/uploads\/2014\/11\/Flusswackenpfl\u00e4sterung-Bern-150x150.jpg\" alt=\"Flusswackenpfl\u00e4sterung Bern\" width=\"150\" height=\"150\" srcset=\"https:\/\/www.hweber-partner.ch\/wp-content\/uploads\/sites\/16\/2014\/11\/Flusswackenpfl\u00e4sterung-Bern-150x150.jpg 150w, https:\/\/www.hweber-partner.ch\/wp-content\/uploads\/sites\/16\/2014\/11\/Flusswackenpfl\u00e4sterung-Bern-200x200.jpg 200w, https:\/\/www.hweber-partner.ch\/wp-content\/uploads\/sites\/16\/2014\/11\/Flusswackenpfl\u00e4sterung-Bern-400x400.jpg 400w, https:\/\/www.hweber-partner.ch\/wp-content\/uploads\/sites\/16\/2014\/11\/Flusswackenpfl\u00e4sterung-Bern-800x800.jpg 800w\" sizes=\"(max-width: 150px) 100vw, 150px\" \/><\/a><a href=\"https:\/\/www.hweber-partner.ch\/wp-content\/uploads\/2014\/10\/Bild-558.jpg\"><img loading=\"lazy\" class=\"alignnone size-thumbnail wp-image-424\" src=\"https:\/\/www.hweber-partner.ch\/wp-content\/uploads\/2014\/10\/Bild-558-150x150.jpg\" alt=\"Kieselpfl\u00e4sterung 2\" width=\"150\" height=\"150\" srcset=\"https:\/\/www.hweber-partner.ch\/wp-content\/uploads\/sites\/16\/2014\/10\/Bild-558-150x150.jpg 150w, https:\/\/www.hweber-partner.ch\/wp-content\/uploads\/sites\/16\/2014\/10\/Bild-558-200x200.jpg 200w, https:\/\/www.hweber-partner.ch\/wp-content\/uploads\/sites\/16\/2014\/10\/Bild-558-400x400.jpg 400w, https:\/\/www.hweber-partner.ch\/wp-content\/uploads\/sites\/16\/2014\/10\/Bild-558-800x800.jpg 800w\" sizes=\"(max-width: 150px) 100vw, 150px\" \/><\/a><a href=\"https:\/\/www.hweber-partner.ch\/wp-content\/uploads\/2014\/10\/Bild-571.jpg\"><img loading=\"lazy\" class=\"size-thumbnail wp-image-428\" src=\"https:\/\/www.hweber-partner.ch\/wp-content\/uploads\/2014\/10\/Bild-571-150x150.jpg\" alt=\"Kieselpfl\u00e4sterung 4\" width=\"150\" height=\"150\" srcset=\"https:\/\/www.hweber-partner.ch\/wp-content\/uploads\/sites\/16\/2014\/10\/Bild-571-150x150.jpg 150w, https:\/\/www.hweber-partner.ch\/wp-content\/uploads\/sites\/16\/2014\/10\/Bild-571-200x200.jpg 200w, https:\/\/www.hweber-partner.ch\/wp-content\/uploads\/sites\/16\/2014\/10\/Bild-571-400x400.jpg 400w, https:\/\/www.hweber-partner.ch\/wp-content\/uploads\/sites\/16\/2014\/10\/Bild-571-800x800.jpg 800w\" sizes=\"(max-width: 150px) 100vw, 150px\" \/><\/a><a href=\"https:\/\/www.hweber-partner.ch\/wp-content\/uploads\/2014\/10\/Bild-570.jpg\"><img loading=\"lazy\" class=\"size-thumbnail wp-image-426\" src=\"https:\/\/www.hweber-partner.ch\/wp-content\/uploads\/2014\/10\/Bild-570-150x150.jpg\" alt=\"Kieselpfl\u00e4sterung 3\" width=\"150\" height=\"150\" srcset=\"https:\/\/www.hweber-partner.ch\/wp-content\/uploads\/sites\/16\/2014\/10\/Bild-570-150x150.jpg 150w, https:\/\/www.hweber-partner.ch\/wp-content\/uploads\/sites\/16\/2014\/10\/Bild-570-200x200.jpg 200w, https:\/\/www.hweber-partner.ch\/wp-content\/uploads\/sites\/16\/2014\/10\/Bild-570-400x400.jpg 400w, https:\/\/www.hweber-partner.ch\/wp-content\/uploads\/sites\/16\/2014\/10\/Bild-570-800x800.jpg 800w\" sizes=\"(max-width: 150px) 100vw, 150px\" \/><\/a><a href=\"https:\/\/www.hweber-partner.ch\/wp-content\/uploads\/2014\/11\/IMG_1082.jpg\"><img loading=\"lazy\" class=\"alignnone size-thumbnail wp-image-823\" src=\"https:\/\/www.hweber-partner.ch\/wp-content\/uploads\/2014\/11\/IMG_1082-150x150.jpg\" alt=\"Kieselpfl\u00e4sterung 1\" width=\"150\" height=\"150\" srcset=\"https:\/\/www.hweber-partner.ch\/wp-content\/uploads\/sites\/16\/2014\/11\/IMG_1082-150x150.jpg 150w, https:\/\/www.hweber-partner.ch\/wp-content\/uploads\/sites\/16\/2014\/11\/IMG_1082-200x200.jpg 200w, https:\/\/www.hweber-partner.ch\/wp-content\/uploads\/sites\/16\/2014\/11\/IMG_1082-400x400.jpg 400w, https:\/\/www.hweber-partner.ch\/wp-content\/uploads\/sites\/16\/2014\/11\/IMG_1082-800x800.jpg 800w\" sizes=\"(max-width: 150px) 100vw, 150px\" \/><\/a><\/p>\n<p>&nbsp;<\/p>\n<p>&nbsp;<\/p>\n<p>&nbsp;<\/p>\n<p>&nbsp;<\/p>\n<p>&nbsp;<\/p>\n<p>&nbsp;<\/p>\n<p>&nbsp;<\/p>\n<p><a href=\"https:\/\/www.hweber-partner.ch\/wp-content\/uploads\/2014\/10\/Bild-570.jpg\">\u00a0<\/a><\/p>\n","protected":false},"excerpt":{"rendered":"<p>&nbsp; &nbsp; &nbsp; &nbsp; &nbsp; &nbsp; &nbsp; \u00a0<\/p>\n","protected":false},"author":6,"featured_media":0,"parent":1887,"menu_order":4,"comment_status":"open","ping_status":"open","template":"","meta":[],"acf":[],"yoast_head":"<!-- This site is optimized with the Yoast SEO plugin v18.5.1 - https:\/\/yoast.com\/wordpress\/plugins\/seo\/ -->\n<title>Pavage avec galets - H. Weber &amp; Partner<\/title>\n<meta name=\"robots\" content=\"index, follow, max-snippet:-1, max-image-preview:large, max-video-preview:-1\" \/>\n<link rel=\"canonical\" href=\"https:\/\/www.hweber-partner.ch\/fr\/pavages\/pavage-avec-galets\/\" \/>\n<meta property=\"og:locale\" content=\"fr_FR\" \/>\n<meta property=\"og:type\" content=\"article\" \/>\n<meta property=\"og:title\" content=\"Pavage avec galets - H. Weber &amp; Partner\" \/>\n<meta property=\"og:description\" content=\"&nbsp; &nbsp; &nbsp; &nbsp; &nbsp; &nbsp; &nbsp; \u00a0\" \/>\n<meta property=\"og:url\" content=\"https:\/\/www.hweber-partner.ch\/fr\/pavages\/pavage-avec-galets\/\" \/>\n<meta property=\"og:site_name\" content=\"H. Weber &amp; Partner\" \/>\n<meta property=\"article:modified_time\" content=\"2018-06-14T14:58:16+00:00\" \/>\n<meta property=\"og:image\" content=\"https:\/\/www.hweber-partner.ch\/wp-content\/uploads\/2015\/07\/Bollensteine-College-Calvin-Genf-Frontseite3-150x150.jpg\" \/>\n<meta name=\"twitter:card\" content=\"summary_large_image\" \/>\n<script type=\"application\/ld+json\" class=\"yoast-schema-graph\">{\"@context\":\"https:\/\/schema.org\",\"@graph\":[{\"@type\":\"WebSite\",\"@id\":\"https:\/\/www.hweber-partner.ch\/#website\",\"url\":\"https:\/\/www.hweber-partner.ch\/\",\"name\":\"H. Weber &amp; Partner\",\"description\":\"Hochwertige Pfl\u00e4sterungen, Bel\u00e4ge und Natursteine f\u00fcr den Innen- und Aussenbereich.\",\"potentialAction\":[{\"@type\":\"SearchAction\",\"target\":{\"@type\":\"EntryPoint\",\"urlTemplate\":\"https:\/\/www.hweber-partner.ch\/?s={search_term_string}\"},\"query-input\":\"required name=search_term_string\"}],\"inLanguage\":\"fr-FR\"},{\"@type\":\"ImageObject\",\"@id\":\"https:\/\/www.hweber-partner.ch\/fr\/pavages\/pavage-avec-galets\/#primaryimage\",\"inLanguage\":\"fr-FR\",\"url\":\"https:\/\/www.hweber-partner.ch\/wp-content\/uploads\/2015\/07\/Bollensteine-College-Calvin-Genf-Frontseite3-150x150.jpg\",\"contentUrl\":\"https:\/\/www.hweber-partner.ch\/wp-content\/uploads\/2015\/07\/Bollensteine-College-Calvin-Genf-Frontseite3-150x150.jpg\"},{\"@type\":\"WebPage\",\"@id\":\"https:\/\/www.hweber-partner.ch\/fr\/pavages\/pavage-avec-galets\/#webpage\",\"url\":\"https:\/\/www.hweber-partner.ch\/fr\/pavages\/pavage-avec-galets\/\",\"name\":\"Pavage avec galets - H. Weber &amp; Partner\",\"isPartOf\":{\"@id\":\"https:\/\/www.hweber-partner.ch\/#website\"},\"primaryImageOfPage\":{\"@id\":\"https:\/\/www.hweber-partner.ch\/fr\/pavages\/pavage-avec-galets\/#primaryimage\"},\"datePublished\":\"2014-05-02T15:02:53+00:00\",\"dateModified\":\"2018-06-14T14:58:16+00:00\",\"breadcrumb\":{\"@id\":\"https:\/\/www.hweber-partner.ch\/fr\/pavages\/pavage-avec-galets\/#breadcrumb\"},\"inLanguage\":\"fr-FR\",\"potentialAction\":[{\"@type\":\"ReadAction\",\"target\":[\"https:\/\/www.hweber-partner.ch\/fr\/pavages\/pavage-avec-galets\/\"]}]},{\"@type\":\"BreadcrumbList\",\"@id\":\"https:\/\/www.hweber-partner.ch\/fr\/pavages\/pavage-avec-galets\/#breadcrumb\",\"itemListElement\":[{\"@type\":\"ListItem\",\"position\":1,\"name\":\"Startseite\",\"item\":\"https:\/\/www.hweber-partner.ch\/fr\/\"},{\"@type\":\"ListItem\",\"position\":2,\"name\":\"Pavages\",\"item\":\"https:\/\/www.hweber-partner.ch\/fr\/pavages\/\"},{\"@type\":\"ListItem\",\"position\":3,\"name\":\"Pavage avec galets\"}]}]}<\/script>\n<!-- \/ Yoast SEO plugin. -->","yoast_head_json":{"title":"Pavage avec galets - H. Weber &amp; Partner","robots":{"index":"index","follow":"follow","max-snippet":"max-snippet:-1","max-image-preview":"max-image-preview:large","max-video-preview":"max-video-preview:-1"},"canonical":"https:\/\/www.hweber-partner.ch\/fr\/pavages\/pavage-avec-galets\/","og_locale":"fr_FR","og_type":"article","og_title":"Pavage avec galets - H. Weber &amp; Partner","og_description":"&nbsp; &nbsp; &nbsp; &nbsp; &nbsp; &nbsp; &nbsp; \u00a0","og_url":"https:\/\/www.hweber-partner.ch\/fr\/pavages\/pavage-avec-galets\/","og_site_name":"H. Weber &amp; Partner","article_modified_time":"2018-06-14T14:58:16+00:00","og_image":[{"url":"https:\/\/www.hweber-partner.ch\/wp-content\/uploads\/2015\/07\/Bollensteine-College-Calvin-Genf-Frontseite3-150x150.jpg"}],"twitter_card":"summary_large_image","schema":{"@context":"https:\/\/schema.org","@graph":[{"@type":"WebSite","@id":"https:\/\/www.hweber-partner.ch\/#website","url":"https:\/\/www.hweber-partner.ch\/","name":"H. Weber &amp; Partner","description":"Hochwertige Pfl\u00e4sterungen, Bel\u00e4ge und Natursteine f\u00fcr den Innen- und Aussenbereich.","potentialAction":[{"@type":"SearchAction","target":{"@type":"EntryPoint","urlTemplate":"https:\/\/www.hweber-partner.ch\/?s={search_term_string}"},"query-input":"required name=search_term_string"}],"inLanguage":"fr-FR"},{"@type":"ImageObject","@id":"https:\/\/www.hweber-partner.ch\/fr\/pavages\/pavage-avec-galets\/#primaryimage","inLanguage":"fr-FR","url":"https:\/\/www.hweber-partner.ch\/wp-content\/uploads\/2015\/07\/Bollensteine-College-Calvin-Genf-Frontseite3-150x150.jpg","contentUrl":"https:\/\/www.hweber-partner.ch\/wp-content\/uploads\/2015\/07\/Bollensteine-College-Calvin-Genf-Frontseite3-150x150.jpg"},{"@type":"WebPage","@id":"https:\/\/www.hweber-partner.ch\/fr\/pavages\/pavage-avec-galets\/#webpage","url":"https:\/\/www.hweber-partner.ch\/fr\/pavages\/pavage-avec-galets\/","name":"Pavage avec galets - H. Weber &amp; Partner","isPartOf":{"@id":"https:\/\/www.hweber-partner.ch\/#website"},"primaryImageOfPage":{"@id":"https:\/\/www.hweber-partner.ch\/fr\/pavages\/pavage-avec-galets\/#primaryimage"},"datePublished":"2014-05-02T15:02:53+00:00","dateModified":"2018-06-14T14:58:16+00:00","breadcrumb":{"@id":"https:\/\/www.hweber-partner.ch\/fr\/pavages\/pavage-avec-galets\/#breadcrumb"},"inLanguage":"fr-FR","potentialAction":[{"@type":"ReadAction","target":["https:\/\/www.hweber-partner.ch\/fr\/pavages\/pavage-avec-galets\/"]}]},{"@type":"BreadcrumbList","@id":"https:\/\/www.hweber-partner.ch\/fr\/pavages\/pavage-avec-galets\/#breadcrumb","itemListElement":[{"@type":"ListItem","position":1,"name":"Startseite","item":"https:\/\/www.hweber-partner.ch\/fr\/"},{"@type":"ListItem","position":2,"name":"Pavages","item":"https:\/\/www.hweber-partner.ch\/fr\/pavages\/"},{"@type":"ListItem","position":3,"name":"Pavage avec galets"}]}]}},"_links":{"self":[{"href":"https:\/\/www.hweber-partner.ch\/fr\/wp-json\/wp\/v2\/pages\/1892"}],"collection":[{"href":"https:\/\/www.hweber-partner.ch\/fr\/wp-json\/wp\/v2\/pages"}],"about":[{"href":"https:\/\/www.hweber-partner.ch\/fr\/wp-json\/wp\/v2\/types\/page"}],"author":[{"embeddable":true,"href":"https:\/\/www.hweber-partner.ch\/fr\/wp-json\/wp\/v2\/users\/6"}],"replies":[{"embeddable":true,"href":"https:\/\/www.hweber-partner.ch\/fr\/wp-json\/wp\/v2\/comments?post=1892"}],"version-history":[{"count":2,"href":"https:\/\/www.hweber-partner.ch\/fr\/wp-json\/wp\/v2\/pages\/1892\/revisions"}],"predecessor-version":[{"id":2063,"href":"https:\/\/www.hweber-partner.ch\/fr\/wp-json\/wp\/v2\/pages\/1892\/revisions\/2063"}],"up":[{"embeddable":true,"href":"https:\/\/www.hweber-partner.ch\/fr\/wp-json\/wp\/v2\/pages\/1887"}],"wp:attachment":[{"href":"https:\/\/www.hweber-partner.ch\/fr\/wp-json\/wp\/v2\/media?parent=1892"}],"curies":[{"name":"wp","href":"https:\/\/api.w.org\/{rel}","templated":true}]}}