{"id":1894,"date":"2014-10-30T16:11:43","date_gmt":"2014-10-30T14:11:43","guid":{"rendered":"https:\/\/www.hweber-partner.ch\/pflaesterungen\/strassen-und-wege-abschluesse\/"},"modified":"2018-06-14T16:58:47","modified_gmt":"2018-06-14T14:58:47","slug":"routes-bordures","status":"publish","type":"page","link":"https:\/\/www.hweber-partner.ch\/fr\/pavages\/routes-bordures\/","title":{"rendered":"Routes \/ Bordures"},"content":{"rendered":"<p><a href=\"https:\/\/www.hweber-partner.ch\/wp-content\/uploads\/2014\/10\/Bild-583.jpg\"><img loading=\"lazy\" class=\"size-thumbnail wp-image-443\" src=\"https:\/\/www.hweber-partner.ch\/wp-content\/uploads\/2014\/10\/Bild-583-150x150.jpg\" alt=\"Strassenabschl\u00fcsse 1\" width=\"150\" height=\"150\" srcset=\"https:\/\/www.hweber-partner.ch\/wp-content\/uploads\/sites\/16\/2014\/10\/Bild-583-150x150.jpg 150w, https:\/\/www.hweber-partner.ch\/wp-content\/uploads\/sites\/16\/2014\/10\/Bild-583-200x200.jpg 200w, https:\/\/www.hweber-partner.ch\/wp-content\/uploads\/sites\/16\/2014\/10\/Bild-583-400x400.jpg 400w, https:\/\/www.hweber-partner.ch\/wp-content\/uploads\/sites\/16\/2014\/10\/Bild-583-800x800.jpg 800w\" sizes=\"(max-width: 150px) 100vw, 150px\" \/><\/a>\u00a0<a href=\"https:\/\/www.hweber-partner.ch\/wp-content\/uploads\/2014\/10\/Bild-605.jpg\"><img loading=\"lazy\" class=\"size-thumbnail wp-image-445\" src=\"https:\/\/www.hweber-partner.ch\/wp-content\/uploads\/2014\/10\/Bild-605-150x150.jpg\" alt=\"Strassenabschl\u00fcsse 2\" width=\"150\" height=\"150\" srcset=\"https:\/\/www.hweber-partner.ch\/wp-content\/uploads\/sites\/16\/2014\/10\/Bild-605-150x150.jpg 150w, https:\/\/www.hweber-partner.ch\/wp-content\/uploads\/sites\/16\/2014\/10\/Bild-605-200x200.jpg 200w, https:\/\/www.hweber-partner.ch\/wp-content\/uploads\/sites\/16\/2014\/10\/Bild-605-400x400.jpg 400w, https:\/\/www.hweber-partner.ch\/wp-content\/uploads\/sites\/16\/2014\/10\/Bild-605-800x800.jpg 800w\" sizes=\"(max-width: 150px) 100vw, 150px\" \/><\/a>\u00a0<a href=\"https:\/\/www.hweber-partner.ch\/wp-content\/uploads\/2014\/11\/IMG_1424.jpg\"><img loading=\"lazy\" class=\"alignnone size-thumbnail wp-image-840\" src=\"https:\/\/www.hweber-partner.ch\/wp-content\/uploads\/2014\/11\/IMG_1424-150x150.jpg\" alt=\"Abschl\u00fcsse 2\" width=\"150\" height=\"150\" srcset=\"https:\/\/www.hweber-partner.ch\/wp-content\/uploads\/sites\/16\/2014\/11\/IMG_1424-150x150.jpg 150w, https:\/\/www.hweber-partner.ch\/wp-content\/uploads\/sites\/16\/2014\/11\/IMG_1424-200x200.jpg 200w, https:\/\/www.hweber-partner.ch\/wp-content\/uploads\/sites\/16\/2014\/11\/IMG_1424-400x400.jpg 400w, https:\/\/www.hweber-partner.ch\/wp-content\/uploads\/sites\/16\/2014\/11\/IMG_1424-800x800.jpg 800w\" sizes=\"(max-width: 150px) 100vw, 150px\" \/><\/a> <a href=\"https:\/\/www.hweber-partner.ch\/wp-content\/uploads\/2014\/11\/IMG_1556.jpg\"><img loading=\"lazy\" class=\"alignnone size-thumbnail wp-image-838\" src=\"https:\/\/www.hweber-partner.ch\/wp-content\/uploads\/2014\/11\/IMG_1556-150x150.jpg\" alt=\"Abschl\u00fcsse 1\" width=\"150\" height=\"150\" srcset=\"https:\/\/www.hweber-partner.ch\/wp-content\/uploads\/sites\/16\/2014\/11\/IMG_1556-150x150.jpg 150w, https:\/\/www.hweber-partner.ch\/wp-content\/uploads\/sites\/16\/2014\/11\/IMG_1556-200x200.jpg 200w, https:\/\/www.hweber-partner.ch\/wp-content\/uploads\/sites\/16\/2014\/11\/IMG_1556-400x400.jpg 400w, https:\/\/www.hweber-partner.ch\/wp-content\/uploads\/sites\/16\/2014\/11\/IMG_1556-800x800.jpg 800w\" sizes=\"(max-width: 150px) 100vw, 150px\" \/><\/a><\/p>\n<p>&nbsp;<\/p>\n","protected":false},"excerpt":{"rendered":"<p>\u00a0\u00a0 &nbsp;<\/p>\n","protected":false},"author":5,"featured_media":0,"parent":1887,"menu_order":6,"comment_status":"open","ping_status":"open","template":"","meta":[],"acf":[],"yoast_head":"<!-- This site is optimized with the Yoast SEO plugin v18.5.1 - https:\/\/yoast.com\/wordpress\/plugins\/seo\/ -->\n<title>Routes \/ Bordures - H. Weber &amp; Partner<\/title>\n<meta name=\"robots\" content=\"index, follow, max-snippet:-1, max-image-preview:large, max-video-preview:-1\" \/>\n<link rel=\"canonical\" href=\"https:\/\/www.hweber-partner.ch\/fr\/pavages\/routes-bordures\/\" \/>\n<meta property=\"og:locale\" content=\"fr_FR\" \/>\n<meta property=\"og:type\" content=\"article\" \/>\n<meta property=\"og:title\" content=\"Routes \/ Bordures - H. Weber &amp; Partner\" \/>\n<meta property=\"og:description\" content=\"\u00a0\u00a0 &nbsp;\" \/>\n<meta property=\"og:url\" content=\"https:\/\/www.hweber-partner.ch\/fr\/pavages\/routes-bordures\/\" \/>\n<meta property=\"og:site_name\" content=\"H. Weber &amp; Partner\" \/>\n<meta property=\"article:modified_time\" content=\"2018-06-14T14:58:47+00:00\" \/>\n<meta property=\"og:image\" content=\"https:\/\/www.hweber-partner.ch\/wp-content\/uploads\/2014\/10\/Bild-583-150x150.jpg\" \/>\n<meta name=\"twitter:card\" content=\"summary_large_image\" \/>\n<script type=\"application\/ld+json\" class=\"yoast-schema-graph\">{\"@context\":\"https:\/\/schema.org\",\"@graph\":[{\"@type\":\"WebSite\",\"@id\":\"https:\/\/www.hweber-partner.ch\/#website\",\"url\":\"https:\/\/www.hweber-partner.ch\/\",\"name\":\"H. Weber &amp; Partner\",\"description\":\"Hochwertige Pfl\u00e4sterungen, Bel\u00e4ge und Natursteine f\u00fcr den Innen- und Aussenbereich.\",\"potentialAction\":[{\"@type\":\"SearchAction\",\"target\":{\"@type\":\"EntryPoint\",\"urlTemplate\":\"https:\/\/www.hweber-partner.ch\/?s={search_term_string}\"},\"query-input\":\"required name=search_term_string\"}],\"inLanguage\":\"fr-FR\"},{\"@type\":\"ImageObject\",\"@id\":\"https:\/\/www.hweber-partner.ch\/fr\/pavages\/routes-bordures\/#primaryimage\",\"inLanguage\":\"fr-FR\",\"url\":\"https:\/\/www.hweber-partner.ch\/wp-content\/uploads\/2014\/10\/Bild-583-150x150.jpg\",\"contentUrl\":\"https:\/\/www.hweber-partner.ch\/wp-content\/uploads\/2014\/10\/Bild-583-150x150.jpg\"},{\"@type\":\"WebPage\",\"@id\":\"https:\/\/www.hweber-partner.ch\/fr\/pavages\/routes-bordures\/#webpage\",\"url\":\"https:\/\/www.hweber-partner.ch\/fr\/pavages\/routes-bordures\/\",\"name\":\"Routes \/ Bordures - H. Weber &amp; Partner\",\"isPartOf\":{\"@id\":\"https:\/\/www.hweber-partner.ch\/#website\"},\"primaryImageOfPage\":{\"@id\":\"https:\/\/www.hweber-partner.ch\/fr\/pavages\/routes-bordures\/#primaryimage\"},\"datePublished\":\"2014-10-30T14:11:43+00:00\",\"dateModified\":\"2018-06-14T14:58:47+00:00\",\"breadcrumb\":{\"@id\":\"https:\/\/www.hweber-partner.ch\/fr\/pavages\/routes-bordures\/#breadcrumb\"},\"inLanguage\":\"fr-FR\",\"potentialAction\":[{\"@type\":\"ReadAction\",\"target\":[\"https:\/\/www.hweber-partner.ch\/fr\/pavages\/routes-bordures\/\"]}]},{\"@type\":\"BreadcrumbList\",\"@id\":\"https:\/\/www.hweber-partner.ch\/fr\/pavages\/routes-bordures\/#breadcrumb\",\"itemListElement\":[{\"@type\":\"ListItem\",\"position\":1,\"name\":\"Startseite\",\"item\":\"https:\/\/www.hweber-partner.ch\/fr\/\"},{\"@type\":\"ListItem\",\"position\":2,\"name\":\"Pavages\",\"item\":\"https:\/\/www.hweber-partner.ch\/fr\/pavages\/\"},{\"@type\":\"ListItem\",\"position\":3,\"name\":\"Routes \/ Bordures\"}]}]}<\/script>\n<!-- \/ Yoast SEO plugin. -->","yoast_head_json":{"title":"Routes \/ Bordures - H. Weber &amp; Partner","robots":{"index":"index","follow":"follow","max-snippet":"max-snippet:-1","max-image-preview":"max-image-preview:large","max-video-preview":"max-video-preview:-1"},"canonical":"https:\/\/www.hweber-partner.ch\/fr\/pavages\/routes-bordures\/","og_locale":"fr_FR","og_type":"article","og_title":"Routes \/ Bordures - H. Weber &amp; Partner","og_description":"\u00a0\u00a0 &nbsp;","og_url":"https:\/\/www.hweber-partner.ch\/fr\/pavages\/routes-bordures\/","og_site_name":"H. Weber &amp; Partner","article_modified_time":"2018-06-14T14:58:47+00:00","og_image":[{"url":"https:\/\/www.hweber-partner.ch\/wp-content\/uploads\/2014\/10\/Bild-583-150x150.jpg"}],"twitter_card":"summary_large_image","schema":{"@context":"https:\/\/schema.org","@graph":[{"@type":"WebSite","@id":"https:\/\/www.hweber-partner.ch\/#website","url":"https:\/\/www.hweber-partner.ch\/","name":"H. Weber &amp; Partner","description":"Hochwertige Pfl\u00e4sterungen, Bel\u00e4ge und Natursteine f\u00fcr den Innen- und Aussenbereich.","potentialAction":[{"@type":"SearchAction","target":{"@type":"EntryPoint","urlTemplate":"https:\/\/www.hweber-partner.ch\/?s={search_term_string}"},"query-input":"required name=search_term_string"}],"inLanguage":"fr-FR"},{"@type":"ImageObject","@id":"https:\/\/www.hweber-partner.ch\/fr\/pavages\/routes-bordures\/#primaryimage","inLanguage":"fr-FR","url":"https:\/\/www.hweber-partner.ch\/wp-content\/uploads\/2014\/10\/Bild-583-150x150.jpg","contentUrl":"https:\/\/www.hweber-partner.ch\/wp-content\/uploads\/2014\/10\/Bild-583-150x150.jpg"},{"@type":"WebPage","@id":"https:\/\/www.hweber-partner.ch\/fr\/pavages\/routes-bordures\/#webpage","url":"https:\/\/www.hweber-partner.ch\/fr\/pavages\/routes-bordures\/","name":"Routes \/ Bordures - H. Weber &amp; Partner","isPartOf":{"@id":"https:\/\/www.hweber-partner.ch\/#website"},"primaryImageOfPage":{"@id":"https:\/\/www.hweber-partner.ch\/fr\/pavages\/routes-bordures\/#primaryimage"},"datePublished":"2014-10-30T14:11:43+00:00","dateModified":"2018-06-14T14:58:47+00:00","breadcrumb":{"@id":"https:\/\/www.hweber-partner.ch\/fr\/pavages\/routes-bordures\/#breadcrumb"},"inLanguage":"fr-FR","potentialAction":[{"@type":"ReadAction","target":["https:\/\/www.hweber-partner.ch\/fr\/pavages\/routes-bordures\/"]}]},{"@type":"BreadcrumbList","@id":"https:\/\/www.hweber-partner.ch\/fr\/pavages\/routes-bordures\/#breadcrumb","itemListElement":[{"@type":"ListItem","position":1,"name":"Startseite","item":"https:\/\/www.hweber-partner.ch\/fr\/"},{"@type":"ListItem","position":2,"name":"Pavages","item":"https:\/\/www.hweber-partner.ch\/fr\/pavages\/"},{"@type":"ListItem","position":3,"name":"Routes \/ Bordures"}]}]}},"_links":{"self":[{"href":"https:\/\/www.hweber-partner.ch\/fr\/wp-json\/wp\/v2\/pages\/1894"}],"collection":[{"href":"https:\/\/www.hweber-partner.ch\/fr\/wp-json\/wp\/v2\/pages"}],"about":[{"href":"https:\/\/www.hweber-partner.ch\/fr\/wp-json\/wp\/v2\/types\/page"}],"author":[{"embeddable":true,"href":"https:\/\/www.hweber-partner.ch\/fr\/wp-json\/wp\/v2\/users\/5"}],"replies":[{"embeddable":true,"href":"https:\/\/www.hweber-partner.ch\/fr\/wp-json\/wp\/v2\/comments?post=1894"}],"version-history":[{"count":2,"href":"https:\/\/www.hweber-partner.ch\/fr\/wp-json\/wp\/v2\/pages\/1894\/revisions"}],"predecessor-version":[{"id":2065,"href":"https:\/\/www.hweber-partner.ch\/fr\/wp-json\/wp\/v2\/pages\/1894\/revisions\/2065"}],"up":[{"embeddable":true,"href":"https:\/\/www.hweber-partner.ch\/fr\/wp-json\/wp\/v2\/pages\/1887"}],"wp:attachment":[{"href":"https:\/\/www.hweber-partner.ch\/fr\/wp-json\/wp\/v2\/media?parent=1894"}],"curies":[{"name":"wp","href":"https:\/\/api.w.org\/{rel}","templated":true}]}}