{"id":1895,"date":"2014-06-13T14:12:39","date_gmt":"2014-06-13T12:12:39","guid":{"rendered":"https:\/\/www.hweber-partner.ch\/pflaesterungen\/bei-der-verlegung\/"},"modified":"2018-06-14T16:59:09","modified_gmt":"2018-06-14T14:59:09","slug":"lors-de-la-pose","status":"publish","type":"page","link":"https:\/\/www.hweber-partner.ch\/fr\/pavages\/lors-de-la-pose\/","title":{"rendered":"Lors de la pose"},"content":{"rendered":"<h2>Pavage en ligne Marktgasse Berne<\/h2>\n<p class=\"p1\"><a href=\"\/wp-content\/uploads\/2014\/06\/20130820_104009.jpg\"><img loading=\"lazy\" class=\"alignnone wp-image-229 size-medium\" src=\"https:\/\/www.hweber-partner.ch\/wp-content\/uploads\/2014\/06\/20130820_104009-300x225.jpg\" alt=\"20130820_104009\" width=\"300\" height=\"225\" srcset=\"https:\/\/www.hweber-partner.ch\/wp-content\/uploads\/sites\/16\/2014\/06\/20130820_104009-300x225.jpg 300w, https:\/\/www.hweber-partner.ch\/wp-content\/uploads\/sites\/16\/2014\/06\/20130820_104009-768x576.jpg 768w, https:\/\/www.hweber-partner.ch\/wp-content\/uploads\/sites\/16\/2014\/06\/20130820_104009-1024x768.jpg 1024w\" sizes=\"(max-width: 300px) 100vw, 300px\" \/><\/a>\u00a0<img loading=\"lazy\" class=\"alignnone wp-image-230 size-medium\" src=\"https:\/\/www.hweber-partner.ch\/wp-content\/uploads\/2014\/06\/20130905_141028-300x225.jpg\" alt=\"20130905_141028\" width=\"300\" height=\"225\" srcset=\"https:\/\/www.hweber-partner.ch\/wp-content\/uploads\/sites\/16\/2014\/06\/20130905_141028-300x225.jpg 300w, https:\/\/www.hweber-partner.ch\/wp-content\/uploads\/sites\/16\/2014\/06\/20130905_141028-768x576.jpg 768w, https:\/\/www.hweber-partner.ch\/wp-content\/uploads\/sites\/16\/2014\/06\/20130905_141028-1024x768.jpg 1024w\" sizes=\"(max-width: 300px) 100vw, 300px\" \/><\/p>\n<p class=\"p1\"><a href=\"\/wp-content\/uploads\/2014\/06\/20130813_114847.jpg\"><img loading=\"lazy\" class=\"alignnone wp-image-221 size-medium\" src=\"https:\/\/www.hweber-partner.ch\/wp-content\/uploads\/2014\/06\/20130813_114847-300x225.jpg\" alt=\"20130813_114847\" width=\"300\" height=\"225\" srcset=\"https:\/\/www.hweber-partner.ch\/wp-content\/uploads\/sites\/16\/2014\/06\/20130813_114847-300x225.jpg 300w, https:\/\/www.hweber-partner.ch\/wp-content\/uploads\/sites\/16\/2014\/06\/20130813_114847-768x576.jpg 768w, https:\/\/www.hweber-partner.ch\/wp-content\/uploads\/sites\/16\/2014\/06\/20130813_114847-1024x768.jpg 1024w\" sizes=\"(max-width: 300px) 100vw, 300px\" \/><\/a><\/p>\n<h1><\/h1>\n<h2>R\u00f6m.-kath. Kirche St. Marien Balstahl<\/h2>\n<p><a href=\"https:\/\/www.hweber-partner.ch\/wp-content\/uploads\/2014\/11\/IMG_1385.jpg\"><img loading=\"lazy\" class=\"alignnone wp-image-833 size-medium\" src=\"https:\/\/www.hweber-partner.ch\/wp-content\/uploads\/2014\/11\/IMG_1385-225x300.jpg\" alt=\"Mosaik 2\" width=\"225\" height=\"300\" srcset=\"https:\/\/www.hweber-partner.ch\/wp-content\/uploads\/sites\/16\/2014\/11\/IMG_1385-225x300.jpg 225w, https:\/\/www.hweber-partner.ch\/wp-content\/uploads\/sites\/16\/2014\/11\/IMG_1385-768x1024.jpg 768w\" sizes=\"(max-width: 225px) 100vw, 225px\" \/><\/a>\u00a0\u00a0 <a href=\"https:\/\/www.hweber-partner.ch\/wp-content\/uploads\/2014\/11\/IMG_1393.jpg\"><img loading=\"lazy\" class=\"alignnone wp-image-831 size-medium\" src=\"https:\/\/www.hweber-partner.ch\/wp-content\/uploads\/2014\/11\/IMG_1393-225x300.jpg\" alt=\"Mosaik 1\" width=\"225\" height=\"300\" srcset=\"https:\/\/www.hweber-partner.ch\/wp-content\/uploads\/sites\/16\/2014\/11\/IMG_1393-225x300.jpg 225w, https:\/\/www.hweber-partner.ch\/wp-content\/uploads\/sites\/16\/2014\/11\/IMG_1393-768x1024.jpg 768w\" sizes=\"(max-width: 225px) 100vw, 225px\" \/><\/a><\/p>\n","protected":false},"excerpt":{"rendered":"<p>Pavage en ligne Marktgasse Berne \u00a0 R\u00f6m.-kath. Kirche St. Marien Balstahl \u00a0\u00a0<\/p>\n","protected":false},"author":6,"featured_media":0,"parent":1887,"menu_order":7,"comment_status":"open","ping_status":"open","template":"","meta":[],"acf":[],"yoast_head":"<!-- This site is optimized with the Yoast SEO plugin v18.5.1 - https:\/\/yoast.com\/wordpress\/plugins\/seo\/ -->\n<title>Lors de la pose - H. Weber &amp; Partner<\/title>\n<meta name=\"robots\" content=\"index, follow, max-snippet:-1, max-image-preview:large, max-video-preview:-1\" \/>\n<link rel=\"canonical\" href=\"https:\/\/www.hweber-partner.ch\/fr\/pavages\/lors-de-la-pose\/\" \/>\n<meta property=\"og:locale\" content=\"fr_FR\" \/>\n<meta property=\"og:type\" content=\"article\" \/>\n<meta property=\"og:title\" content=\"Lors de la pose - H. Weber &amp; Partner\" \/>\n<meta property=\"og:description\" content=\"Pavage en ligne Marktgasse Berne \u00a0 R\u00f6m.-kath. Kirche St. Marien Balstahl \u00a0\u00a0\" \/>\n<meta property=\"og:url\" content=\"https:\/\/www.hweber-partner.ch\/fr\/pavages\/lors-de-la-pose\/\" \/>\n<meta property=\"og:site_name\" content=\"H. Weber &amp; Partner\" \/>\n<meta property=\"article:modified_time\" content=\"2018-06-14T14:59:09+00:00\" \/>\n<meta property=\"og:image\" content=\"https:\/\/www.hweber-partner.ch\/wp-content\/uploads\/2014\/06\/20130820_104009-300x225.jpg\" \/>\n<meta name=\"twitter:card\" content=\"summary_large_image\" \/>\n<script type=\"application\/ld+json\" class=\"yoast-schema-graph\">{\"@context\":\"https:\/\/schema.org\",\"@graph\":[{\"@type\":\"WebSite\",\"@id\":\"https:\/\/www.hweber-partner.ch\/#website\",\"url\":\"https:\/\/www.hweber-partner.ch\/\",\"name\":\"H. Weber &amp; Partner\",\"description\":\"Hochwertige Pfl\u00e4sterungen, Bel\u00e4ge und Natursteine f\u00fcr den Innen- und Aussenbereich.\",\"potentialAction\":[{\"@type\":\"SearchAction\",\"target\":{\"@type\":\"EntryPoint\",\"urlTemplate\":\"https:\/\/www.hweber-partner.ch\/?s={search_term_string}\"},\"query-input\":\"required name=search_term_string\"}],\"inLanguage\":\"fr-FR\"},{\"@type\":\"ImageObject\",\"@id\":\"https:\/\/www.hweber-partner.ch\/fr\/pavages\/lors-de-la-pose\/#primaryimage\",\"inLanguage\":\"fr-FR\",\"url\":\"https:\/\/www.hweber-partner.ch\/wp-content\/uploads\/2014\/06\/20130820_104009-300x225.jpg\",\"contentUrl\":\"https:\/\/www.hweber-partner.ch\/wp-content\/uploads\/2014\/06\/20130820_104009-300x225.jpg\"},{\"@type\":\"WebPage\",\"@id\":\"https:\/\/www.hweber-partner.ch\/fr\/pavages\/lors-de-la-pose\/#webpage\",\"url\":\"https:\/\/www.hweber-partner.ch\/fr\/pavages\/lors-de-la-pose\/\",\"name\":\"Lors de la pose - H. Weber &amp; Partner\",\"isPartOf\":{\"@id\":\"https:\/\/www.hweber-partner.ch\/#website\"},\"primaryImageOfPage\":{\"@id\":\"https:\/\/www.hweber-partner.ch\/fr\/pavages\/lors-de-la-pose\/#primaryimage\"},\"datePublished\":\"2014-06-13T12:12:39+00:00\",\"dateModified\":\"2018-06-14T14:59:09+00:00\",\"breadcrumb\":{\"@id\":\"https:\/\/www.hweber-partner.ch\/fr\/pavages\/lors-de-la-pose\/#breadcrumb\"},\"inLanguage\":\"fr-FR\",\"potentialAction\":[{\"@type\":\"ReadAction\",\"target\":[\"https:\/\/www.hweber-partner.ch\/fr\/pavages\/lors-de-la-pose\/\"]}]},{\"@type\":\"BreadcrumbList\",\"@id\":\"https:\/\/www.hweber-partner.ch\/fr\/pavages\/lors-de-la-pose\/#breadcrumb\",\"itemListElement\":[{\"@type\":\"ListItem\",\"position\":1,\"name\":\"Startseite\",\"item\":\"https:\/\/www.hweber-partner.ch\/fr\/\"},{\"@type\":\"ListItem\",\"position\":2,\"name\":\"Pavages\",\"item\":\"https:\/\/www.hweber-partner.ch\/fr\/pavages\/\"},{\"@type\":\"ListItem\",\"position\":3,\"name\":\"Lors de la pose\"}]}]}<\/script>\n<!-- \/ Yoast SEO plugin. -->","yoast_head_json":{"title":"Lors de la pose - H. Weber &amp; Partner","robots":{"index":"index","follow":"follow","max-snippet":"max-snippet:-1","max-image-preview":"max-image-preview:large","max-video-preview":"max-video-preview:-1"},"canonical":"https:\/\/www.hweber-partner.ch\/fr\/pavages\/lors-de-la-pose\/","og_locale":"fr_FR","og_type":"article","og_title":"Lors de la pose - H. Weber &amp; Partner","og_description":"Pavage en ligne Marktgasse Berne \u00a0 R\u00f6m.-kath. Kirche St. Marien Balstahl \u00a0\u00a0","og_url":"https:\/\/www.hweber-partner.ch\/fr\/pavages\/lors-de-la-pose\/","og_site_name":"H. Weber &amp; Partner","article_modified_time":"2018-06-14T14:59:09+00:00","og_image":[{"url":"https:\/\/www.hweber-partner.ch\/wp-content\/uploads\/2014\/06\/20130820_104009-300x225.jpg"}],"twitter_card":"summary_large_image","schema":{"@context":"https:\/\/schema.org","@graph":[{"@type":"WebSite","@id":"https:\/\/www.hweber-partner.ch\/#website","url":"https:\/\/www.hweber-partner.ch\/","name":"H. Weber &amp; Partner","description":"Hochwertige Pfl\u00e4sterungen, Bel\u00e4ge und Natursteine f\u00fcr den Innen- und Aussenbereich.","potentialAction":[{"@type":"SearchAction","target":{"@type":"EntryPoint","urlTemplate":"https:\/\/www.hweber-partner.ch\/?s={search_term_string}"},"query-input":"required name=search_term_string"}],"inLanguage":"fr-FR"},{"@type":"ImageObject","@id":"https:\/\/www.hweber-partner.ch\/fr\/pavages\/lors-de-la-pose\/#primaryimage","inLanguage":"fr-FR","url":"https:\/\/www.hweber-partner.ch\/wp-content\/uploads\/2014\/06\/20130820_104009-300x225.jpg","contentUrl":"https:\/\/www.hweber-partner.ch\/wp-content\/uploads\/2014\/06\/20130820_104009-300x225.jpg"},{"@type":"WebPage","@id":"https:\/\/www.hweber-partner.ch\/fr\/pavages\/lors-de-la-pose\/#webpage","url":"https:\/\/www.hweber-partner.ch\/fr\/pavages\/lors-de-la-pose\/","name":"Lors de la pose - H. Weber &amp; Partner","isPartOf":{"@id":"https:\/\/www.hweber-partner.ch\/#website"},"primaryImageOfPage":{"@id":"https:\/\/www.hweber-partner.ch\/fr\/pavages\/lors-de-la-pose\/#primaryimage"},"datePublished":"2014-06-13T12:12:39+00:00","dateModified":"2018-06-14T14:59:09+00:00","breadcrumb":{"@id":"https:\/\/www.hweber-partner.ch\/fr\/pavages\/lors-de-la-pose\/#breadcrumb"},"inLanguage":"fr-FR","potentialAction":[{"@type":"ReadAction","target":["https:\/\/www.hweber-partner.ch\/fr\/pavages\/lors-de-la-pose\/"]}]},{"@type":"BreadcrumbList","@id":"https:\/\/www.hweber-partner.ch\/fr\/pavages\/lors-de-la-pose\/#breadcrumb","itemListElement":[{"@type":"ListItem","position":1,"name":"Startseite","item":"https:\/\/www.hweber-partner.ch\/fr\/"},{"@type":"ListItem","position":2,"name":"Pavages","item":"https:\/\/www.hweber-partner.ch\/fr\/pavages\/"},{"@type":"ListItem","position":3,"name":"Lors de la pose"}]}]}},"_links":{"self":[{"href":"https:\/\/www.hweber-partner.ch\/fr\/wp-json\/wp\/v2\/pages\/1895"}],"collection":[{"href":"https:\/\/www.hweber-partner.ch\/fr\/wp-json\/wp\/v2\/pages"}],"about":[{"href":"https:\/\/www.hweber-partner.ch\/fr\/wp-json\/wp\/v2\/types\/page"}],"author":[{"embeddable":true,"href":"https:\/\/www.hweber-partner.ch\/fr\/wp-json\/wp\/v2\/users\/6"}],"replies":[{"embeddable":true,"href":"https:\/\/www.hweber-partner.ch\/fr\/wp-json\/wp\/v2\/comments?post=1895"}],"version-history":[{"count":3,"href":"https:\/\/www.hweber-partner.ch\/fr\/wp-json\/wp\/v2\/pages\/1895\/revisions"}],"predecessor-version":[{"id":2066,"href":"https:\/\/www.hweber-partner.ch\/fr\/wp-json\/wp\/v2\/pages\/1895\/revisions\/2066"}],"up":[{"embeddable":true,"href":"https:\/\/www.hweber-partner.ch\/fr\/wp-json\/wp\/v2\/pages\/1887"}],"wp:attachment":[{"href":"https:\/\/www.hweber-partner.ch\/fr\/wp-json\/wp\/v2\/media?parent=1895"}],"curies":[{"name":"wp","href":"https:\/\/api.w.org\/{rel}","templated":true}]}}