{"id":1917,"date":"2014-05-05T12:01:54","date_gmt":"2014-05-05T10:01:54","guid":{"rendered":"https:\/\/www.hweber-partner.ch\/mauern\/"},"modified":"2018-06-14T15:41:58","modified_gmt":"2018-06-14T13:41:58","slug":"murs-et-escaliers","status":"publish","type":"page","link":"https:\/\/www.hweber-partner.ch\/fr\/murs-et-escaliers\/","title":{"rendered":"Murs et escaliers"},"content":{"rendered":"<p>Les \u00e9gyptiens ont d\u00e9j\u00e0 utilis\u00e9 la pierre naturelle, il y a plus de 5000 ans, pour les murs de leurs immenses pyramides et temples.<\/p>\n<p>Dans les premi\u00e8res civilisations et les temps anciens, la construction d\u2019escaliers \u00e9tait principalement symbolique. Les escaliers \u00e9taient un symbole de connexion entre le ciel et la terre.<\/p>\n","protected":false},"excerpt":{"rendered":"<p>Les \u00e9gyptiens ont d\u00e9j\u00e0 utilis\u00e9 la pierre naturelle, il y a plus de 5000 ans, pour les murs de leurs immenses pyramides et temples. Dans les premi\u00e8res civilisations et les temps anciens, la construction d\u2019escaliers \u00e9tait principalement symbolique. Les escaliers \u00e9taient un symbole de connexion entre le ciel et la terre.<\/p>\n","protected":false},"author":6,"featured_media":0,"parent":0,"menu_order":5,"comment_status":"open","ping_status":"open","template":"","meta":[],"acf":[],"yoast_head":"<!-- This site is optimized with the Yoast SEO plugin v18.5.1 - https:\/\/yoast.com\/wordpress\/plugins\/seo\/ -->\n<title>Murs et escaliers - H. Weber &amp; Partner<\/title>\n<meta name=\"robots\" content=\"index, follow, max-snippet:-1, max-image-preview:large, max-video-preview:-1\" \/>\n<link rel=\"canonical\" href=\"https:\/\/www.hweber-partner.ch\/fr\/murs-et-escaliers\/\" \/>\n<meta property=\"og:locale\" content=\"fr_FR\" \/>\n<meta property=\"og:type\" content=\"article\" \/>\n<meta property=\"og:title\" content=\"Murs et escaliers - H. Weber &amp; Partner\" \/>\n<meta property=\"og:description\" content=\"Les \u00e9gyptiens ont d\u00e9j\u00e0 utilis\u00e9 la pierre naturelle, il y a plus de 5000 ans, pour les murs de leurs immenses pyramides et temples. Dans les premi\u00e8res civilisations et les temps anciens, la construction d\u2019escaliers \u00e9tait principalement symbolique. Les escaliers \u00e9taient un symbole de connexion entre le ciel et la terre.\" \/>\n<meta property=\"og:url\" content=\"https:\/\/www.hweber-partner.ch\/fr\/murs-et-escaliers\/\" \/>\n<meta property=\"og:site_name\" content=\"H. Weber &amp; Partner\" \/>\n<meta property=\"article:modified_time\" content=\"2018-06-14T13:41:58+00:00\" \/>\n<meta name=\"twitter:card\" content=\"summary_large_image\" \/>\n<script type=\"application\/ld+json\" class=\"yoast-schema-graph\">{\"@context\":\"https:\/\/schema.org\",\"@graph\":[{\"@type\":\"WebSite\",\"@id\":\"https:\/\/www.hweber-partner.ch\/#website\",\"url\":\"https:\/\/www.hweber-partner.ch\/\",\"name\":\"H. Weber &amp; Partner\",\"description\":\"Hochwertige Pfl\u00e4sterungen, Bel\u00e4ge und Natursteine f\u00fcr den Innen- und Aussenbereich.\",\"potentialAction\":[{\"@type\":\"SearchAction\",\"target\":{\"@type\":\"EntryPoint\",\"urlTemplate\":\"https:\/\/www.hweber-partner.ch\/?s={search_term_string}\"},\"query-input\":\"required name=search_term_string\"}],\"inLanguage\":\"fr-FR\"},{\"@type\":\"WebPage\",\"@id\":\"https:\/\/www.hweber-partner.ch\/fr\/murs-et-escaliers\/#webpage\",\"url\":\"https:\/\/www.hweber-partner.ch\/fr\/murs-et-escaliers\/\",\"name\":\"Murs et escaliers - H. Weber &amp; Partner\",\"isPartOf\":{\"@id\":\"https:\/\/www.hweber-partner.ch\/#website\"},\"datePublished\":\"2014-05-05T10:01:54+00:00\",\"dateModified\":\"2018-06-14T13:41:58+00:00\",\"breadcrumb\":{\"@id\":\"https:\/\/www.hweber-partner.ch\/fr\/murs-et-escaliers\/#breadcrumb\"},\"inLanguage\":\"fr-FR\",\"potentialAction\":[{\"@type\":\"ReadAction\",\"target\":[\"https:\/\/www.hweber-partner.ch\/fr\/murs-et-escaliers\/\"]}]},{\"@type\":\"BreadcrumbList\",\"@id\":\"https:\/\/www.hweber-partner.ch\/fr\/murs-et-escaliers\/#breadcrumb\",\"itemListElement\":[{\"@type\":\"ListItem\",\"position\":1,\"name\":\"Startseite\",\"item\":\"https:\/\/www.hweber-partner.ch\/fr\/\"},{\"@type\":\"ListItem\",\"position\":2,\"name\":\"Murs et escaliers\"}]}]}<\/script>\n<!-- \/ Yoast SEO plugin. -->","yoast_head_json":{"title":"Murs et escaliers - H. Weber &amp; Partner","robots":{"index":"index","follow":"follow","max-snippet":"max-snippet:-1","max-image-preview":"max-image-preview:large","max-video-preview":"max-video-preview:-1"},"canonical":"https:\/\/www.hweber-partner.ch\/fr\/murs-et-escaliers\/","og_locale":"fr_FR","og_type":"article","og_title":"Murs et escaliers - H. Weber &amp; Partner","og_description":"Les \u00e9gyptiens ont d\u00e9j\u00e0 utilis\u00e9 la pierre naturelle, il y a plus de 5000 ans, pour les murs de leurs immenses pyramides et temples. Dans les premi\u00e8res civilisations et les temps anciens, la construction d\u2019escaliers \u00e9tait principalement symbolique. Les escaliers \u00e9taient un symbole de connexion entre le ciel et la terre.","og_url":"https:\/\/www.hweber-partner.ch\/fr\/murs-et-escaliers\/","og_site_name":"H. Weber &amp; Partner","article_modified_time":"2018-06-14T13:41:58+00:00","twitter_card":"summary_large_image","schema":{"@context":"https:\/\/schema.org","@graph":[{"@type":"WebSite","@id":"https:\/\/www.hweber-partner.ch\/#website","url":"https:\/\/www.hweber-partner.ch\/","name":"H. Weber &amp; Partner","description":"Hochwertige Pfl\u00e4sterungen, Bel\u00e4ge und Natursteine f\u00fcr den Innen- und Aussenbereich.","potentialAction":[{"@type":"SearchAction","target":{"@type":"EntryPoint","urlTemplate":"https:\/\/www.hweber-partner.ch\/?s={search_term_string}"},"query-input":"required name=search_term_string"}],"inLanguage":"fr-FR"},{"@type":"WebPage","@id":"https:\/\/www.hweber-partner.ch\/fr\/murs-et-escaliers\/#webpage","url":"https:\/\/www.hweber-partner.ch\/fr\/murs-et-escaliers\/","name":"Murs et escaliers - H. Weber &amp; Partner","isPartOf":{"@id":"https:\/\/www.hweber-partner.ch\/#website"},"datePublished":"2014-05-05T10:01:54+00:00","dateModified":"2018-06-14T13:41:58+00:00","breadcrumb":{"@id":"https:\/\/www.hweber-partner.ch\/fr\/murs-et-escaliers\/#breadcrumb"},"inLanguage":"fr-FR","potentialAction":[{"@type":"ReadAction","target":["https:\/\/www.hweber-partner.ch\/fr\/murs-et-escaliers\/"]}]},{"@type":"BreadcrumbList","@id":"https:\/\/www.hweber-partner.ch\/fr\/murs-et-escaliers\/#breadcrumb","itemListElement":[{"@type":"ListItem","position":1,"name":"Startseite","item":"https:\/\/www.hweber-partner.ch\/fr\/"},{"@type":"ListItem","position":2,"name":"Murs et escaliers"}]}]}},"_links":{"self":[{"href":"https:\/\/www.hweber-partner.ch\/fr\/wp-json\/wp\/v2\/pages\/1917"}],"collection":[{"href":"https:\/\/www.hweber-partner.ch\/fr\/wp-json\/wp\/v2\/pages"}],"about":[{"href":"https:\/\/www.hweber-partner.ch\/fr\/wp-json\/wp\/v2\/types\/page"}],"author":[{"embeddable":true,"href":"https:\/\/www.hweber-partner.ch\/fr\/wp-json\/wp\/v2\/users\/6"}],"replies":[{"embeddable":true,"href":"https:\/\/www.hweber-partner.ch\/fr\/wp-json\/wp\/v2\/comments?post=1917"}],"version-history":[{"count":2,"href":"https:\/\/www.hweber-partner.ch\/fr\/wp-json\/wp\/v2\/pages\/1917\/revisions"}],"predecessor-version":[{"id":1933,"href":"https:\/\/www.hweber-partner.ch\/fr\/wp-json\/wp\/v2\/pages\/1917\/revisions\/1933"}],"wp:attachment":[{"href":"https:\/\/www.hweber-partner.ch\/fr\/wp-json\/wp\/v2\/media?parent=1917"}],"curies":[{"name":"wp","href":"https:\/\/api.w.org\/{rel}","templated":true}]}}