{"id":1922,"date":"2014-05-09T13:13:52","date_gmt":"2014-05-09T11:13:29","guid":{"rendered":"https:\/\/www.hweber-partner.ch\/impressum\/"},"modified":"2018-06-14T17:20:38","modified_gmt":"2018-06-14T15:20:38","slug":"mentions-legales","status":"publish","type":"page","link":"https:\/\/www.hweber-partner.ch\/fr\/mentions-legales\/","title":{"rendered":"Mentions l\u00e9gales"},"content":{"rendered":"<h3>Gesamtverantwortung und inhaltliche Betreuung.<\/h3>\n<p style=\"color: #000000;\">Karl Enz GmbH<br \/>\nPfl\u00e4sterungen &amp; Natursteinbel\u00e4ge<br \/>\nBr\u00fcnigstrasse 219<br \/>\nCH-6078 B\u00fcrglen OW<\/p>\n<p style=\"color: #000000;\">Tel. 041 678 15 83<br \/>\nFax 041 678 00 78<br \/>\n<a href=\"mailto:info@enzgruppe.testingserver.ch\" target=\"_blank\" rel=\"noopener\">info@enzgruppe.testingserver.ch<\/a><\/p>\n<h3><\/h3>\n<h3>Konzept, \u00a0Gestaltung &amp; technische Umsetzung.<\/h3>\n<p>Hinz +\u00a0Kunz\u00a0Werbeagentur<br \/>\nDorfplatz 3,\u00a06060 Sarnen<br \/>\n<a href=\"http:\/\/www.hinzkunz.ch\/\" target=\"_blank\" rel=\"noopener\">www.hinzkunz.ch<\/a><\/p>\n","protected":false},"excerpt":{"rendered":"<p>Gesamtverantwortung und inhaltliche Betreuung. Karl Enz GmbH Pfl\u00e4sterungen &amp; Natursteinbel\u00e4ge Br\u00fcnigstrasse 219 CH-6078 B\u00fcrglen OW Tel. 041 678 15 83 Fax 041 678 00 78 info@enzgruppe.testingserver.ch Konzept, \u00a0Gestaltung &amp; technische Umsetzung. Hinz +\u00a0Kunz\u00a0Werbeagentur Dorfplatz 3,\u00a06060 Sarnen www.hinzkunz.ch<\/p>\n","protected":false},"author":6,"featured_media":0,"parent":0,"menu_order":3,"comment_status":"open","ping_status":"open","template":"","meta":[],"acf":[],"yoast_head":"<!-- This site is optimized with the Yoast SEO plugin v18.5.1 - https:\/\/yoast.com\/wordpress\/plugins\/seo\/ -->\n<title>Mentions l\u00e9gales - H. Weber &amp; Partner<\/title>\n<meta name=\"robots\" content=\"index, follow, max-snippet:-1, max-image-preview:large, max-video-preview:-1\" \/>\n<link rel=\"canonical\" href=\"https:\/\/www.hweber-partner.ch\/fr\/mentions-legales\/\" \/>\n<meta property=\"og:locale\" content=\"fr_FR\" \/>\n<meta property=\"og:type\" content=\"article\" \/>\n<meta property=\"og:title\" content=\"Mentions l\u00e9gales - H. Weber &amp; Partner\" \/>\n<meta property=\"og:description\" content=\"Gesamtverantwortung und inhaltliche Betreuung. Karl Enz GmbH Pfl\u00e4sterungen &amp; Natursteinbel\u00e4ge Br\u00fcnigstrasse 219 CH-6078 B\u00fcrglen OW Tel. 041 678 15 83 Fax 041 678 00 78 info@enzgruppe.testingserver.ch Konzept, \u00a0Gestaltung &amp; technische Umsetzung. Hinz +\u00a0Kunz\u00a0Werbeagentur Dorfplatz 3,\u00a06060 Sarnen www.hinzkunz.ch\" \/>\n<meta property=\"og:url\" content=\"https:\/\/www.hweber-partner.ch\/fr\/mentions-legales\/\" \/>\n<meta property=\"og:site_name\" content=\"H. Weber &amp; Partner\" \/>\n<meta property=\"article:modified_time\" content=\"2018-06-14T15:20:38+00:00\" \/>\n<meta name=\"twitter:card\" content=\"summary_large_image\" \/>\n<script type=\"application\/ld+json\" class=\"yoast-schema-graph\">{\"@context\":\"https:\/\/schema.org\",\"@graph\":[{\"@type\":\"WebSite\",\"@id\":\"https:\/\/www.hweber-partner.ch\/#website\",\"url\":\"https:\/\/www.hweber-partner.ch\/\",\"name\":\"H. Weber &amp; Partner\",\"description\":\"Hochwertige Pfl\u00e4sterungen, Bel\u00e4ge und Natursteine f\u00fcr den Innen- und Aussenbereich.\",\"potentialAction\":[{\"@type\":\"SearchAction\",\"target\":{\"@type\":\"EntryPoint\",\"urlTemplate\":\"https:\/\/www.hweber-partner.ch\/?s={search_term_string}\"},\"query-input\":\"required name=search_term_string\"}],\"inLanguage\":\"fr-FR\"},{\"@type\":\"WebPage\",\"@id\":\"https:\/\/www.hweber-partner.ch\/fr\/mentions-legales\/#webpage\",\"url\":\"https:\/\/www.hweber-partner.ch\/fr\/mentions-legales\/\",\"name\":\"Mentions l\u00e9gales - H. Weber &amp; Partner\",\"isPartOf\":{\"@id\":\"https:\/\/www.hweber-partner.ch\/#website\"},\"datePublished\":\"2014-05-09T11:13:29+00:00\",\"dateModified\":\"2018-06-14T15:20:38+00:00\",\"breadcrumb\":{\"@id\":\"https:\/\/www.hweber-partner.ch\/fr\/mentions-legales\/#breadcrumb\"},\"inLanguage\":\"fr-FR\",\"potentialAction\":[{\"@type\":\"ReadAction\",\"target\":[\"https:\/\/www.hweber-partner.ch\/fr\/mentions-legales\/\"]}]},{\"@type\":\"BreadcrumbList\",\"@id\":\"https:\/\/www.hweber-partner.ch\/fr\/mentions-legales\/#breadcrumb\",\"itemListElement\":[{\"@type\":\"ListItem\",\"position\":1,\"name\":\"Startseite\",\"item\":\"https:\/\/www.hweber-partner.ch\/fr\/\"},{\"@type\":\"ListItem\",\"position\":2,\"name\":\"Mentions l\u00e9gales\"}]}]}<\/script>\n<!-- \/ Yoast SEO plugin. -->","yoast_head_json":{"title":"Mentions l\u00e9gales - H. Weber &amp; Partner","robots":{"index":"index","follow":"follow","max-snippet":"max-snippet:-1","max-image-preview":"max-image-preview:large","max-video-preview":"max-video-preview:-1"},"canonical":"https:\/\/www.hweber-partner.ch\/fr\/mentions-legales\/","og_locale":"fr_FR","og_type":"article","og_title":"Mentions l\u00e9gales - H. Weber &amp; Partner","og_description":"Gesamtverantwortung und inhaltliche Betreuung. Karl Enz GmbH Pfl\u00e4sterungen &amp; Natursteinbel\u00e4ge Br\u00fcnigstrasse 219 CH-6078 B\u00fcrglen OW Tel. 041 678 15 83 Fax 041 678 00 78 info@enzgruppe.testingserver.ch Konzept, \u00a0Gestaltung &amp; technische Umsetzung. Hinz +\u00a0Kunz\u00a0Werbeagentur Dorfplatz 3,\u00a06060 Sarnen www.hinzkunz.ch","og_url":"https:\/\/www.hweber-partner.ch\/fr\/mentions-legales\/","og_site_name":"H. Weber &amp; Partner","article_modified_time":"2018-06-14T15:20:38+00:00","twitter_card":"summary_large_image","schema":{"@context":"https:\/\/schema.org","@graph":[{"@type":"WebSite","@id":"https:\/\/www.hweber-partner.ch\/#website","url":"https:\/\/www.hweber-partner.ch\/","name":"H. Weber &amp; Partner","description":"Hochwertige Pfl\u00e4sterungen, Bel\u00e4ge und Natursteine f\u00fcr den Innen- und Aussenbereich.","potentialAction":[{"@type":"SearchAction","target":{"@type":"EntryPoint","urlTemplate":"https:\/\/www.hweber-partner.ch\/?s={search_term_string}"},"query-input":"required name=search_term_string"}],"inLanguage":"fr-FR"},{"@type":"WebPage","@id":"https:\/\/www.hweber-partner.ch\/fr\/mentions-legales\/#webpage","url":"https:\/\/www.hweber-partner.ch\/fr\/mentions-legales\/","name":"Mentions l\u00e9gales - H. Weber &amp; Partner","isPartOf":{"@id":"https:\/\/www.hweber-partner.ch\/#website"},"datePublished":"2014-05-09T11:13:29+00:00","dateModified":"2018-06-14T15:20:38+00:00","breadcrumb":{"@id":"https:\/\/www.hweber-partner.ch\/fr\/mentions-legales\/#breadcrumb"},"inLanguage":"fr-FR","potentialAction":[{"@type":"ReadAction","target":["https:\/\/www.hweber-partner.ch\/fr\/mentions-legales\/"]}]},{"@type":"BreadcrumbList","@id":"https:\/\/www.hweber-partner.ch\/fr\/mentions-legales\/#breadcrumb","itemListElement":[{"@type":"ListItem","position":1,"name":"Startseite","item":"https:\/\/www.hweber-partner.ch\/fr\/"},{"@type":"ListItem","position":2,"name":"Mentions l\u00e9gales"}]}]}},"_links":{"self":[{"href":"https:\/\/www.hweber-partner.ch\/fr\/wp-json\/wp\/v2\/pages\/1922"}],"collection":[{"href":"https:\/\/www.hweber-partner.ch\/fr\/wp-json\/wp\/v2\/pages"}],"about":[{"href":"https:\/\/www.hweber-partner.ch\/fr\/wp-json\/wp\/v2\/types\/page"}],"author":[{"embeddable":true,"href":"https:\/\/www.hweber-partner.ch\/fr\/wp-json\/wp\/v2\/users\/6"}],"replies":[{"embeddable":true,"href":"https:\/\/www.hweber-partner.ch\/fr\/wp-json\/wp\/v2\/comments?post=1922"}],"version-history":[{"count":2,"href":"https:\/\/www.hweber-partner.ch\/fr\/wp-json\/wp\/v2\/pages\/1922\/revisions"}],"predecessor-version":[{"id":2076,"href":"https:\/\/www.hweber-partner.ch\/fr\/wp-json\/wp\/v2\/pages\/1922\/revisions\/2076"}],"wp:attachment":[{"href":"https:\/\/www.hweber-partner.ch\/fr\/wp-json\/wp\/v2\/media?parent=1922"}],"curies":[{"name":"wp","href":"https:\/\/api.w.org\/{rel}","templated":true}]}}