{"id":2026,"date":"2014-10-30T15:37:17","date_gmt":"2014-10-30T13:37:17","guid":{"rendered":"https:\/\/www.hweber-partner.ch\/dallages\/aussenberreich\/"},"modified":"2018-06-14T16:30:05","modified_gmt":"2018-06-14T14:30:05","slug":"a-lexterieur","status":"publish","type":"page","link":"https:\/\/www.hweber-partner.ch\/fr\/dallages\/a-lexterieur\/","title":{"rendered":"A l\u2019ext\u00e9rieur"},"content":{"rendered":"<p><a href=\"https:\/\/www.hweber-partner.ch\/wp-content\/uploads\/2014\/11\/Quarzsandsteinplatten-Martigny.jpg\"><img loading=\"lazy\" class=\"alignnone size-thumbnail wp-image-592\" src=\"https:\/\/www.hweber-partner.ch\/wp-content\/uploads\/2014\/11\/Quarzsandsteinplatten-Martigny-150x150.jpg\" alt=\"Quarzsandsteinplatten Martigny\" width=\"150\" height=\"150\" srcset=\"https:\/\/www.hweber-partner.ch\/wp-content\/uploads\/sites\/16\/2014\/11\/Quarzsandsteinplatten-Martigny-150x150.jpg 150w, https:\/\/www.hweber-partner.ch\/wp-content\/uploads\/sites\/16\/2014\/11\/Quarzsandsteinplatten-Martigny-200x200.jpg 200w, https:\/\/www.hweber-partner.ch\/wp-content\/uploads\/sites\/16\/2014\/11\/Quarzsandsteinplatten-Martigny-400x400.jpg 400w, https:\/\/www.hweber-partner.ch\/wp-content\/uploads\/sites\/16\/2014\/11\/Quarzsandsteinplatten-Martigny-800x800.jpg 800w\" sizes=\"(max-width: 150px) 100vw, 150px\" \/><\/a> <a href=\"https:\/\/www.hweber-partner.ch\/wp-content\/uploads\/2014\/11\/Quarzsandsteinplatten-Martigny-Detail.jpg\"><img loading=\"lazy\" class=\"alignnone size-thumbnail wp-image-590\" src=\"https:\/\/www.hweber-partner.ch\/wp-content\/uploads\/2014\/11\/Quarzsandsteinplatten-Martigny-Detail-150x150.jpg\" alt=\"Quarzsandsteinplatten Martigny Detail\" width=\"150\" height=\"150\" srcset=\"https:\/\/www.hweber-partner.ch\/wp-content\/uploads\/sites\/16\/2014\/11\/Quarzsandsteinplatten-Martigny-Detail-150x150.jpg 150w, https:\/\/www.hweber-partner.ch\/wp-content\/uploads\/sites\/16\/2014\/11\/Quarzsandsteinplatten-Martigny-Detail-200x200.jpg 200w, https:\/\/www.hweber-partner.ch\/wp-content\/uploads\/sites\/16\/2014\/11\/Quarzsandsteinplatten-Martigny-Detail-400x400.jpg 400w, https:\/\/www.hweber-partner.ch\/wp-content\/uploads\/sites\/16\/2014\/11\/Quarzsandsteinplatten-Martigny-Detail-800x800.jpg 800w\" sizes=\"(max-width: 150px) 100vw, 150px\" \/><\/a>\u00a0<a href=\"https:\/\/www.hweber-partner.ch\/wp-content\/uploads\/2014\/11\/Platten-St.-L\u00e9gier.jpg\"><img loading=\"lazy\" class=\"alignnone size-thumbnail wp-image-585\" src=\"https:\/\/www.hweber-partner.ch\/wp-content\/uploads\/2014\/11\/Platten-St.-L\u00e9gier-150x150.jpg\" alt=\"Platten St. L\u00e9gier\" width=\"150\" height=\"150\" srcset=\"https:\/\/www.hweber-partner.ch\/wp-content\/uploads\/sites\/16\/2014\/11\/Platten-St.-L\u00e9gier-150x150.jpg 150w, https:\/\/www.hweber-partner.ch\/wp-content\/uploads\/sites\/16\/2014\/11\/Platten-St.-L\u00e9gier-200x200.jpg 200w, https:\/\/www.hweber-partner.ch\/wp-content\/uploads\/sites\/16\/2014\/11\/Platten-St.-L\u00e9gier-400x400.jpg 400w, https:\/\/www.hweber-partner.ch\/wp-content\/uploads\/sites\/16\/2014\/11\/Platten-St.-L\u00e9gier-800x800.jpg 800w\" sizes=\"(max-width: 150px) 100vw, 150px\" \/><\/a> <a href=\"https:\/\/www.hweber-partner.ch\/wp-content\/uploads\/2014\/11\/Platten-Travertin-St.-L\u00e9gier.jpg\"><img loading=\"lazy\" class=\"alignnone size-thumbnail wp-image-588\" src=\"https:\/\/www.hweber-partner.ch\/wp-content\/uploads\/2014\/11\/Platten-Travertin-St.-L\u00e9gier-150x150.jpg\" alt=\"Platten Travertin St. L\u00e9gier\" width=\"150\" height=\"150\" srcset=\"https:\/\/www.hweber-partner.ch\/wp-content\/uploads\/sites\/16\/2014\/11\/Platten-Travertin-St.-L\u00e9gier-150x150.jpg 150w, https:\/\/www.hweber-partner.ch\/wp-content\/uploads\/sites\/16\/2014\/11\/Platten-Travertin-St.-L\u00e9gier-200x200.jpg 200w, https:\/\/www.hweber-partner.ch\/wp-content\/uploads\/sites\/16\/2014\/11\/Platten-Travertin-St.-L\u00e9gier-400x400.jpg 400w, https:\/\/www.hweber-partner.ch\/wp-content\/uploads\/sites\/16\/2014\/11\/Platten-Travertin-St.-L\u00e9gier-800x800.jpg 800w\" sizes=\"(max-width: 150px) 100vw, 150px\" \/><\/a><\/p>\n<p><a href=\"https:\/\/www.hweber-partner.ch\/wp-content\/uploads\/2014\/11\/IMG_1099.jpg\"><img loading=\"lazy\" class=\"alignnone size-thumbnail wp-image-792\" src=\"https:\/\/www.hweber-partner.ch\/wp-content\/uploads\/2014\/11\/IMG_1099-150x150.jpg\" alt=\"Natursteinbel\u00e4ge 3\" width=\"150\" height=\"150\" srcset=\"https:\/\/www.hweber-partner.ch\/wp-content\/uploads\/sites\/16\/2014\/11\/IMG_1099-150x150.jpg 150w, https:\/\/www.hweber-partner.ch\/wp-content\/uploads\/sites\/16\/2014\/11\/IMG_1099-200x200.jpg 200w, https:\/\/www.hweber-partner.ch\/wp-content\/uploads\/sites\/16\/2014\/11\/IMG_1099-400x400.jpg 400w, https:\/\/www.hweber-partner.ch\/wp-content\/uploads\/sites\/16\/2014\/11\/IMG_1099-800x800.jpg 800w\" sizes=\"(max-width: 150px) 100vw, 150px\" \/><\/a> <a href=\"https:\/\/www.hweber-partner.ch\/wp-content\/uploads\/2014\/11\/Rouge-Collonges-Detail1.jpg\"><img loading=\"lazy\" class=\"alignnone size-thumbnail wp-image-794\" src=\"https:\/\/www.hweber-partner.ch\/wp-content\/uploads\/2014\/11\/Rouge-Collonges-Detail1-150x150.jpg\" alt=\"Rouge Collonges Detail\" width=\"150\" height=\"150\" srcset=\"https:\/\/www.hweber-partner.ch\/wp-content\/uploads\/sites\/16\/2014\/11\/Rouge-Collonges-Detail1-150x150.jpg 150w, https:\/\/www.hweber-partner.ch\/wp-content\/uploads\/sites\/16\/2014\/11\/Rouge-Collonges-Detail1-200x200.jpg 200w, https:\/\/www.hweber-partner.ch\/wp-content\/uploads\/sites\/16\/2014\/11\/Rouge-Collonges-Detail1-400x400.jpg 400w, https:\/\/www.hweber-partner.ch\/wp-content\/uploads\/sites\/16\/2014\/11\/Rouge-Collonges-Detail1-800x800.jpg 800w\" sizes=\"(max-width: 150px) 100vw, 150px\" \/><\/a> <a href=\"https:\/\/www.hweber-partner.ch\/wp-content\/uploads\/2014\/11\/IMG_1326.jpg\"><img loading=\"lazy\" class=\"alignnone size-thumbnail wp-image-788\" src=\"https:\/\/www.hweber-partner.ch\/wp-content\/uploads\/2014\/11\/IMG_1326-150x150.jpg\" alt=\"Natursteinbel\u00e4ge 1\" width=\"150\" height=\"150\" srcset=\"https:\/\/www.hweber-partner.ch\/wp-content\/uploads\/sites\/16\/2014\/11\/IMG_1326-150x150.jpg 150w, https:\/\/www.hweber-partner.ch\/wp-content\/uploads\/sites\/16\/2014\/11\/IMG_1326-200x200.jpg 200w, https:\/\/www.hweber-partner.ch\/wp-content\/uploads\/sites\/16\/2014\/11\/IMG_1326-400x400.jpg 400w, https:\/\/www.hweber-partner.ch\/wp-content\/uploads\/sites\/16\/2014\/11\/IMG_1326-800x800.jpg 800w\" sizes=\"(max-width: 150px) 100vw, 150px\" \/><\/a><\/p>\n","protected":false},"excerpt":{"rendered":"<p>\u00a0<\/p>\n","protected":false},"author":5,"featured_media":0,"parent":1916,"menu_order":0,"comment_status":"open","ping_status":"open","template":"","meta":[],"acf":[],"yoast_head":"<!-- This site is optimized with the Yoast SEO plugin v18.5.1 - https:\/\/yoast.com\/wordpress\/plugins\/seo\/ -->\n<title>A l\u2019ext\u00e9rieur - H. Weber &amp; Partner<\/title>\n<meta name=\"robots\" content=\"index, follow, max-snippet:-1, max-image-preview:large, max-video-preview:-1\" \/>\n<link rel=\"canonical\" href=\"https:\/\/www.hweber-partner.ch\/fr\/dallages\/a-lexterieur\/\" \/>\n<meta property=\"og:locale\" content=\"fr_FR\" \/>\n<meta property=\"og:type\" content=\"article\" \/>\n<meta property=\"og:title\" content=\"A l\u2019ext\u00e9rieur - H. Weber &amp; Partner\" \/>\n<meta property=\"og:description\" content=\"\u00a0\" \/>\n<meta property=\"og:url\" content=\"https:\/\/www.hweber-partner.ch\/fr\/dallages\/a-lexterieur\/\" \/>\n<meta property=\"og:site_name\" content=\"H. Weber &amp; Partner\" \/>\n<meta property=\"article:modified_time\" content=\"2018-06-14T14:30:05+00:00\" \/>\n<meta property=\"og:image\" content=\"https:\/\/www.hweber-partner.ch\/wp-content\/uploads\/2014\/11\/Quarzsandsteinplatten-Martigny-150x150.jpg\" \/>\n<meta name=\"twitter:card\" content=\"summary_large_image\" \/>\n<script type=\"application\/ld+json\" class=\"yoast-schema-graph\">{\"@context\":\"https:\/\/schema.org\",\"@graph\":[{\"@type\":\"WebSite\",\"@id\":\"https:\/\/www.hweber-partner.ch\/#website\",\"url\":\"https:\/\/www.hweber-partner.ch\/\",\"name\":\"H. Weber &amp; Partner\",\"description\":\"Hochwertige Pfl\u00e4sterungen, Bel\u00e4ge und Natursteine f\u00fcr den Innen- und Aussenbereich.\",\"potentialAction\":[{\"@type\":\"SearchAction\",\"target\":{\"@type\":\"EntryPoint\",\"urlTemplate\":\"https:\/\/www.hweber-partner.ch\/?s={search_term_string}\"},\"query-input\":\"required name=search_term_string\"}],\"inLanguage\":\"fr-FR\"},{\"@type\":\"ImageObject\",\"@id\":\"https:\/\/www.hweber-partner.ch\/fr\/dallages\/a-lexterieur\/#primaryimage\",\"inLanguage\":\"fr-FR\",\"url\":\"https:\/\/www.hweber-partner.ch\/wp-content\/uploads\/2014\/11\/Quarzsandsteinplatten-Martigny-150x150.jpg\",\"contentUrl\":\"https:\/\/www.hweber-partner.ch\/wp-content\/uploads\/2014\/11\/Quarzsandsteinplatten-Martigny-150x150.jpg\"},{\"@type\":\"WebPage\",\"@id\":\"https:\/\/www.hweber-partner.ch\/fr\/dallages\/a-lexterieur\/#webpage\",\"url\":\"https:\/\/www.hweber-partner.ch\/fr\/dallages\/a-lexterieur\/\",\"name\":\"A l\u2019ext\u00e9rieur - H. Weber &amp; Partner\",\"isPartOf\":{\"@id\":\"https:\/\/www.hweber-partner.ch\/#website\"},\"primaryImageOfPage\":{\"@id\":\"https:\/\/www.hweber-partner.ch\/fr\/dallages\/a-lexterieur\/#primaryimage\"},\"datePublished\":\"2014-10-30T13:37:17+00:00\",\"dateModified\":\"2018-06-14T14:30:05+00:00\",\"breadcrumb\":{\"@id\":\"https:\/\/www.hweber-partner.ch\/fr\/dallages\/a-lexterieur\/#breadcrumb\"},\"inLanguage\":\"fr-FR\",\"potentialAction\":[{\"@type\":\"ReadAction\",\"target\":[\"https:\/\/www.hweber-partner.ch\/fr\/dallages\/a-lexterieur\/\"]}]},{\"@type\":\"BreadcrumbList\",\"@id\":\"https:\/\/www.hweber-partner.ch\/fr\/dallages\/a-lexterieur\/#breadcrumb\",\"itemListElement\":[{\"@type\":\"ListItem\",\"position\":1,\"name\":\"Startseite\",\"item\":\"https:\/\/www.hweber-partner.ch\/fr\/\"},{\"@type\":\"ListItem\",\"position\":2,\"name\":\"Dallages\",\"item\":\"https:\/\/www.hweber-partner.ch\/fr\/dallages\/\"},{\"@type\":\"ListItem\",\"position\":3,\"name\":\"A l\u2019ext\u00e9rieur\"}]}]}<\/script>\n<!-- \/ Yoast SEO plugin. -->","yoast_head_json":{"title":"A l\u2019ext\u00e9rieur - H. Weber &amp; Partner","robots":{"index":"index","follow":"follow","max-snippet":"max-snippet:-1","max-image-preview":"max-image-preview:large","max-video-preview":"max-video-preview:-1"},"canonical":"https:\/\/www.hweber-partner.ch\/fr\/dallages\/a-lexterieur\/","og_locale":"fr_FR","og_type":"article","og_title":"A l\u2019ext\u00e9rieur - H. Weber &amp; Partner","og_description":"\u00a0","og_url":"https:\/\/www.hweber-partner.ch\/fr\/dallages\/a-lexterieur\/","og_site_name":"H. Weber &amp; Partner","article_modified_time":"2018-06-14T14:30:05+00:00","og_image":[{"url":"https:\/\/www.hweber-partner.ch\/wp-content\/uploads\/2014\/11\/Quarzsandsteinplatten-Martigny-150x150.jpg"}],"twitter_card":"summary_large_image","schema":{"@context":"https:\/\/schema.org","@graph":[{"@type":"WebSite","@id":"https:\/\/www.hweber-partner.ch\/#website","url":"https:\/\/www.hweber-partner.ch\/","name":"H. Weber &amp; Partner","description":"Hochwertige Pfl\u00e4sterungen, Bel\u00e4ge und Natursteine f\u00fcr den Innen- und Aussenbereich.","potentialAction":[{"@type":"SearchAction","target":{"@type":"EntryPoint","urlTemplate":"https:\/\/www.hweber-partner.ch\/?s={search_term_string}"},"query-input":"required name=search_term_string"}],"inLanguage":"fr-FR"},{"@type":"ImageObject","@id":"https:\/\/www.hweber-partner.ch\/fr\/dallages\/a-lexterieur\/#primaryimage","inLanguage":"fr-FR","url":"https:\/\/www.hweber-partner.ch\/wp-content\/uploads\/2014\/11\/Quarzsandsteinplatten-Martigny-150x150.jpg","contentUrl":"https:\/\/www.hweber-partner.ch\/wp-content\/uploads\/2014\/11\/Quarzsandsteinplatten-Martigny-150x150.jpg"},{"@type":"WebPage","@id":"https:\/\/www.hweber-partner.ch\/fr\/dallages\/a-lexterieur\/#webpage","url":"https:\/\/www.hweber-partner.ch\/fr\/dallages\/a-lexterieur\/","name":"A l\u2019ext\u00e9rieur - H. Weber &amp; Partner","isPartOf":{"@id":"https:\/\/www.hweber-partner.ch\/#website"},"primaryImageOfPage":{"@id":"https:\/\/www.hweber-partner.ch\/fr\/dallages\/a-lexterieur\/#primaryimage"},"datePublished":"2014-10-30T13:37:17+00:00","dateModified":"2018-06-14T14:30:05+00:00","breadcrumb":{"@id":"https:\/\/www.hweber-partner.ch\/fr\/dallages\/a-lexterieur\/#breadcrumb"},"inLanguage":"fr-FR","potentialAction":[{"@type":"ReadAction","target":["https:\/\/www.hweber-partner.ch\/fr\/dallages\/a-lexterieur\/"]}]},{"@type":"BreadcrumbList","@id":"https:\/\/www.hweber-partner.ch\/fr\/dallages\/a-lexterieur\/#breadcrumb","itemListElement":[{"@type":"ListItem","position":1,"name":"Startseite","item":"https:\/\/www.hweber-partner.ch\/fr\/"},{"@type":"ListItem","position":2,"name":"Dallages","item":"https:\/\/www.hweber-partner.ch\/fr\/dallages\/"},{"@type":"ListItem","position":3,"name":"A l\u2019ext\u00e9rieur"}]}]}},"_links":{"self":[{"href":"https:\/\/www.hweber-partner.ch\/fr\/wp-json\/wp\/v2\/pages\/2026"}],"collection":[{"href":"https:\/\/www.hweber-partner.ch\/fr\/wp-json\/wp\/v2\/pages"}],"about":[{"href":"https:\/\/www.hweber-partner.ch\/fr\/wp-json\/wp\/v2\/types\/page"}],"author":[{"embeddable":true,"href":"https:\/\/www.hweber-partner.ch\/fr\/wp-json\/wp\/v2\/users\/5"}],"replies":[{"embeddable":true,"href":"https:\/\/www.hweber-partner.ch\/fr\/wp-json\/wp\/v2\/comments?post=2026"}],"version-history":[{"count":1,"href":"https:\/\/www.hweber-partner.ch\/fr\/wp-json\/wp\/v2\/pages\/2026\/revisions"}],"predecessor-version":[{"id":2029,"href":"https:\/\/www.hweber-partner.ch\/fr\/wp-json\/wp\/v2\/pages\/2026\/revisions\/2029"}],"up":[{"embeddable":true,"href":"https:\/\/www.hweber-partner.ch\/fr\/wp-json\/wp\/v2\/pages\/1916"}],"wp:attachment":[{"href":"https:\/\/www.hweber-partner.ch\/fr\/wp-json\/wp\/v2\/media?parent=2026"}],"curies":[{"name":"wp","href":"https:\/\/api.w.org\/{rel}","templated":true}]}}