{"id":2027,"date":"2014-10-30T15:38:23","date_gmt":"2014-10-30T13:38:23","guid":{"rendered":"https:\/\/www.hweber-partner.ch\/dallages\/innenberreich\/"},"modified":"2018-06-14T16:30:23","modified_gmt":"2018-06-14T14:30:23","slug":"a-linterieur","status":"publish","type":"page","link":"https:\/\/www.hweber-partner.ch\/fr\/dallages\/a-linterieur\/","title":{"rendered":"A l\u2019int\u00e9rieur"},"content":{"rendered":"<p><a href=\"https:\/\/www.hweber-partner.ch\/wp-content\/uploads\/2016\/10\/0J8A5872-Bearbeitet1.jpg\"><img loading=\"lazy\" class=\"alignnone size-thumbnail wp-image-1522\" src=\"https:\/\/www.hweber-partner.ch\/wp-content\/uploads\/2016\/10\/0J8A5872-Bearbeitet1-150x150.jpg\" alt=\"0J8A5872-Bearbeitet\" width=\"150\" height=\"150\" srcset=\"https:\/\/www.hweber-partner.ch\/wp-content\/uploads\/sites\/16\/2016\/10\/0J8A5872-Bearbeitet1-150x150.jpg 150w, https:\/\/www.hweber-partner.ch\/wp-content\/uploads\/sites\/16\/2016\/10\/0J8A5872-Bearbeitet1-200x200.jpg 200w, https:\/\/www.hweber-partner.ch\/wp-content\/uploads\/sites\/16\/2016\/10\/0J8A5872-Bearbeitet1-400x400.jpg 400w, https:\/\/www.hweber-partner.ch\/wp-content\/uploads\/sites\/16\/2016\/10\/0J8A5872-Bearbeitet1-800x800.jpg 800w\" sizes=\"(max-width: 150px) 100vw, 150px\" \/><\/a>\u00a0<a href=\"https:\/\/www.hweber-partner.ch\/wp-content\/uploads\/2016\/10\/0J8A5860-Bearbeitet2.jpg\"><img loading=\"lazy\" class=\"alignnone size-thumbnail wp-image-1521\" src=\"https:\/\/www.hweber-partner.ch\/wp-content\/uploads\/2016\/10\/0J8A5860-Bearbeitet2-150x150.jpg\" alt=\"0J8A5860-Bearbeitet\" width=\"150\" height=\"150\" srcset=\"https:\/\/www.hweber-partner.ch\/wp-content\/uploads\/sites\/16\/2016\/10\/0J8A5860-Bearbeitet2-150x150.jpg 150w, https:\/\/www.hweber-partner.ch\/wp-content\/uploads\/sites\/16\/2016\/10\/0J8A5860-Bearbeitet2-200x200.jpg 200w, https:\/\/www.hweber-partner.ch\/wp-content\/uploads\/sites\/16\/2016\/10\/0J8A5860-Bearbeitet2-400x400.jpg 400w, https:\/\/www.hweber-partner.ch\/wp-content\/uploads\/sites\/16\/2016\/10\/0J8A5860-Bearbeitet2-800x800.jpg 800w\" sizes=\"(max-width: 150px) 100vw, 150px\" \/><\/a>\u00a0<a href=\"https:\/\/www.hweber-partner.ch\/wp-content\/uploads\/2014\/06\/Einkaufszentrum-St\u00fccki-Basel-Bodenbelag-aus-Iragna.jpg\"><img loading=\"lazy\" class=\"alignnone size-thumbnail wp-image-169\" src=\"https:\/\/www.hweber-partner.ch\/wp-content\/uploads\/2014\/06\/Einkaufszentrum-St\u00fccki-Basel-Bodenbelag-aus-Iragna-150x150.jpg\" alt=\"Einkaufszentrum St\u00fccki Basel Bodenbelag aus Iragna\" width=\"150\" height=\"150\" srcset=\"https:\/\/www.hweber-partner.ch\/wp-content\/uploads\/sites\/16\/2014\/06\/Einkaufszentrum-St\u00fccki-Basel-Bodenbelag-aus-Iragna-150x150.jpg 150w, https:\/\/www.hweber-partner.ch\/wp-content\/uploads\/sites\/16\/2014\/06\/Einkaufszentrum-St\u00fccki-Basel-Bodenbelag-aus-Iragna-200x200.jpg 200w, https:\/\/www.hweber-partner.ch\/wp-content\/uploads\/sites\/16\/2014\/06\/Einkaufszentrum-St\u00fccki-Basel-Bodenbelag-aus-Iragna-400x400.jpg 400w, https:\/\/www.hweber-partner.ch\/wp-content\/uploads\/sites\/16\/2014\/06\/Einkaufszentrum-St\u00fccki-Basel-Bodenbelag-aus-Iragna-800x800.jpg 800w\" sizes=\"(max-width: 150px) 100vw, 150px\" \/><\/a> <a href=\"https:\/\/www.hweber-partner.ch\/wp-content\/uploads\/2014\/06\/Duty-Free-Flughafen-Kloten-Kunst-und-Naturstein.jpg\"><img loading=\"lazy\" class=\"alignnone size-thumbnail wp-image-167\" src=\"https:\/\/www.hweber-partner.ch\/wp-content\/uploads\/2014\/06\/Duty-Free-Flughafen-Kloten-Kunst-und-Naturstein-150x150.jpg\" alt=\"Duty Free Flughafen Kloten Kunst- und Naturstein\" width=\"150\" height=\"150\" srcset=\"https:\/\/www.hweber-partner.ch\/wp-content\/uploads\/sites\/16\/2014\/06\/Duty-Free-Flughafen-Kloten-Kunst-und-Naturstein-150x150.jpg 150w, https:\/\/www.hweber-partner.ch\/wp-content\/uploads\/sites\/16\/2014\/06\/Duty-Free-Flughafen-Kloten-Kunst-und-Naturstein-200x200.jpg 200w, https:\/\/www.hweber-partner.ch\/wp-content\/uploads\/sites\/16\/2014\/06\/Duty-Free-Flughafen-Kloten-Kunst-und-Naturstein-400x400.jpg 400w, https:\/\/www.hweber-partner.ch\/wp-content\/uploads\/sites\/16\/2014\/06\/Duty-Free-Flughafen-Kloten-Kunst-und-Naturstein-800x800.jpg 800w\" sizes=\"(max-width: 150px) 100vw, 150px\" \/><\/a><\/p>\n<p><a href=\"https:\/\/www.hweber-partner.ch\/wp-content\/uploads\/2014\/06\/04122014_DOM7358Originale.jpg\"><img loading=\"lazy\" class=\"alignnone size-thumbnail wp-image-210\" src=\"https:\/\/www.hweber-partner.ch\/wp-content\/uploads\/2014\/06\/04122014_DOM7358Originale-150x150.jpg\" alt=\"Abschnitt 2\" width=\"150\" height=\"150\" srcset=\"https:\/\/www.hweber-partner.ch\/wp-content\/uploads\/sites\/16\/2014\/06\/04122014_DOM7358Originale-150x150.jpg 150w, https:\/\/www.hweber-partner.ch\/wp-content\/uploads\/sites\/16\/2014\/06\/04122014_DOM7358Originale-200x200.jpg 200w, https:\/\/www.hweber-partner.ch\/wp-content\/uploads\/sites\/16\/2014\/06\/04122014_DOM7358Originale-400x400.jpg 400w, https:\/\/www.hweber-partner.ch\/wp-content\/uploads\/sites\/16\/2014\/06\/04122014_DOM7358Originale-800x800.jpg 800w\" sizes=\"(max-width: 150px) 100vw, 150px\" \/><\/a> <a href=\"https:\/\/www.hweber-partner.ch\/wp-content\/uploads\/2014\/06\/04122014_DOM7234Originale.jpg\"><img loading=\"lazy\" class=\"alignnone size-thumbnail wp-image-211\" src=\"https:\/\/www.hweber-partner.ch\/wp-content\/uploads\/2014\/06\/04122014_DOM7234Originale-150x150.jpg\" alt=\"Abschnitt 2\" width=\"150\" height=\"150\" srcset=\"https:\/\/www.hweber-partner.ch\/wp-content\/uploads\/sites\/16\/2014\/06\/04122014_DOM7234Originale-150x150.jpg 150w, https:\/\/www.hweber-partner.ch\/wp-content\/uploads\/sites\/16\/2014\/06\/04122014_DOM7234Originale-200x200.jpg 200w, https:\/\/www.hweber-partner.ch\/wp-content\/uploads\/sites\/16\/2014\/06\/04122014_DOM7234Originale-400x400.jpg 400w, https:\/\/www.hweber-partner.ch\/wp-content\/uploads\/sites\/16\/2014\/06\/04122014_DOM7234Originale-800x800.jpg 800w\" sizes=\"(max-width: 150px) 100vw, 150px\" \/><\/a>\u00a0<a href=\"https:\/\/www.hweber-partner.ch\/wp-content\/uploads\/2014\/11\/Naturplatten-1.jpg\"><img loading=\"lazy\" class=\"alignnone size-thumbnail wp-image-720\" src=\"https:\/\/www.hweber-partner.ch\/wp-content\/uploads\/2014\/11\/Naturplatten-1-150x150.jpg\" alt=\"Naturplatten 1\" width=\"150\" height=\"150\" srcset=\"https:\/\/www.hweber-partner.ch\/wp-content\/uploads\/sites\/16\/2014\/11\/Naturplatten-1-150x150.jpg 150w, https:\/\/www.hweber-partner.ch\/wp-content\/uploads\/sites\/16\/2014\/11\/Naturplatten-1-200x200.jpg 200w, https:\/\/www.hweber-partner.ch\/wp-content\/uploads\/sites\/16\/2014\/11\/Naturplatten-1-400x400.jpg 400w, https:\/\/www.hweber-partner.ch\/wp-content\/uploads\/sites\/16\/2014\/11\/Naturplatten-1-800x800.jpg 800w\" sizes=\"(max-width: 150px) 100vw, 150px\" \/><\/a>\u00a0<a href=\"https:\/\/www.hweber-partner.ch\/wp-content\/uploads\/2014\/11\/Bodenplatten.jpg\"><img loading=\"lazy\" class=\"alignnone size-thumbnail wp-image-717\" src=\"https:\/\/www.hweber-partner.ch\/wp-content\/uploads\/2014\/11\/Bodenplatten-150x150.jpg\" alt=\"Bodenplatten\" width=\"150\" height=\"150\" srcset=\"https:\/\/www.hweber-partner.ch\/wp-content\/uploads\/sites\/16\/2014\/11\/Bodenplatten-150x150.jpg 150w, https:\/\/www.hweber-partner.ch\/wp-content\/uploads\/sites\/16\/2014\/11\/Bodenplatten-200x200.jpg 200w, https:\/\/www.hweber-partner.ch\/wp-content\/uploads\/sites\/16\/2014\/11\/Bodenplatten-400x400.jpg 400w, https:\/\/www.hweber-partner.ch\/wp-content\/uploads\/sites\/16\/2014\/11\/Bodenplatten-800x800.jpg 800w\" sizes=\"(max-width: 150px) 100vw, 150px\" \/><\/a><\/p>\n<p>&nbsp;<\/p>\n","protected":false},"excerpt":{"rendered":"<p>\u00a0\u00a0 \u00a0\u00a0 &nbsp;<\/p>\n","protected":false},"author":5,"featured_media":0,"parent":1916,"menu_order":1,"comment_status":"open","ping_status":"open","template":"","meta":[],"acf":[],"yoast_head":"<!-- This site is optimized with the Yoast SEO plugin v18.5.1 - https:\/\/yoast.com\/wordpress\/plugins\/seo\/ -->\n<title>A l\u2019int\u00e9rieur - H. Weber &amp; Partner<\/title>\n<meta name=\"robots\" content=\"index, follow, max-snippet:-1, max-image-preview:large, max-video-preview:-1\" \/>\n<link rel=\"canonical\" href=\"https:\/\/www.hweber-partner.ch\/fr\/dallages\/a-linterieur\/\" \/>\n<meta property=\"og:locale\" content=\"fr_FR\" \/>\n<meta property=\"og:type\" content=\"article\" \/>\n<meta property=\"og:title\" content=\"A l\u2019int\u00e9rieur - H. Weber &amp; Partner\" \/>\n<meta property=\"og:description\" content=\"\u00a0\u00a0 \u00a0\u00a0 &nbsp;\" \/>\n<meta property=\"og:url\" content=\"https:\/\/www.hweber-partner.ch\/fr\/dallages\/a-linterieur\/\" \/>\n<meta property=\"og:site_name\" content=\"H. Weber &amp; Partner\" \/>\n<meta property=\"article:modified_time\" content=\"2018-06-14T14:30:23+00:00\" \/>\n<meta property=\"og:image\" content=\"https:\/\/www.hweber-partner.ch\/wp-content\/uploads\/2016\/10\/0J8A5872-Bearbeitet1-150x150.jpg\" \/>\n<meta name=\"twitter:card\" content=\"summary_large_image\" \/>\n<script type=\"application\/ld+json\" class=\"yoast-schema-graph\">{\"@context\":\"https:\/\/schema.org\",\"@graph\":[{\"@type\":\"WebSite\",\"@id\":\"https:\/\/www.hweber-partner.ch\/#website\",\"url\":\"https:\/\/www.hweber-partner.ch\/\",\"name\":\"H. Weber &amp; Partner\",\"description\":\"Hochwertige Pfl\u00e4sterungen, Bel\u00e4ge und Natursteine f\u00fcr den Innen- und Aussenbereich.\",\"potentialAction\":[{\"@type\":\"SearchAction\",\"target\":{\"@type\":\"EntryPoint\",\"urlTemplate\":\"https:\/\/www.hweber-partner.ch\/?s={search_term_string}\"},\"query-input\":\"required name=search_term_string\"}],\"inLanguage\":\"fr-FR\"},{\"@type\":\"ImageObject\",\"@id\":\"https:\/\/www.hweber-partner.ch\/fr\/dallages\/a-linterieur\/#primaryimage\",\"inLanguage\":\"fr-FR\",\"url\":\"https:\/\/www.hweber-partner.ch\/wp-content\/uploads\/2016\/10\/0J8A5872-Bearbeitet1-150x150.jpg\",\"contentUrl\":\"https:\/\/www.hweber-partner.ch\/wp-content\/uploads\/2016\/10\/0J8A5872-Bearbeitet1-150x150.jpg\"},{\"@type\":\"WebPage\",\"@id\":\"https:\/\/www.hweber-partner.ch\/fr\/dallages\/a-linterieur\/#webpage\",\"url\":\"https:\/\/www.hweber-partner.ch\/fr\/dallages\/a-linterieur\/\",\"name\":\"A l\u2019int\u00e9rieur - H. Weber &amp; Partner\",\"isPartOf\":{\"@id\":\"https:\/\/www.hweber-partner.ch\/#website\"},\"primaryImageOfPage\":{\"@id\":\"https:\/\/www.hweber-partner.ch\/fr\/dallages\/a-linterieur\/#primaryimage\"},\"datePublished\":\"2014-10-30T13:38:23+00:00\",\"dateModified\":\"2018-06-14T14:30:23+00:00\",\"breadcrumb\":{\"@id\":\"https:\/\/www.hweber-partner.ch\/fr\/dallages\/a-linterieur\/#breadcrumb\"},\"inLanguage\":\"fr-FR\",\"potentialAction\":[{\"@type\":\"ReadAction\",\"target\":[\"https:\/\/www.hweber-partner.ch\/fr\/dallages\/a-linterieur\/\"]}]},{\"@type\":\"BreadcrumbList\",\"@id\":\"https:\/\/www.hweber-partner.ch\/fr\/dallages\/a-linterieur\/#breadcrumb\",\"itemListElement\":[{\"@type\":\"ListItem\",\"position\":1,\"name\":\"Startseite\",\"item\":\"https:\/\/www.hweber-partner.ch\/fr\/\"},{\"@type\":\"ListItem\",\"position\":2,\"name\":\"Dallages\",\"item\":\"https:\/\/www.hweber-partner.ch\/fr\/dallages\/\"},{\"@type\":\"ListItem\",\"position\":3,\"name\":\"A l\u2019int\u00e9rieur\"}]}]}<\/script>\n<!-- \/ Yoast SEO plugin. -->","yoast_head_json":{"title":"A l\u2019int\u00e9rieur - H. Weber &amp; Partner","robots":{"index":"index","follow":"follow","max-snippet":"max-snippet:-1","max-image-preview":"max-image-preview:large","max-video-preview":"max-video-preview:-1"},"canonical":"https:\/\/www.hweber-partner.ch\/fr\/dallages\/a-linterieur\/","og_locale":"fr_FR","og_type":"article","og_title":"A l\u2019int\u00e9rieur - H. Weber &amp; Partner","og_description":"\u00a0\u00a0 \u00a0\u00a0 &nbsp;","og_url":"https:\/\/www.hweber-partner.ch\/fr\/dallages\/a-linterieur\/","og_site_name":"H. Weber &amp; Partner","article_modified_time":"2018-06-14T14:30:23+00:00","og_image":[{"url":"https:\/\/www.hweber-partner.ch\/wp-content\/uploads\/2016\/10\/0J8A5872-Bearbeitet1-150x150.jpg"}],"twitter_card":"summary_large_image","schema":{"@context":"https:\/\/schema.org","@graph":[{"@type":"WebSite","@id":"https:\/\/www.hweber-partner.ch\/#website","url":"https:\/\/www.hweber-partner.ch\/","name":"H. Weber &amp; Partner","description":"Hochwertige Pfl\u00e4sterungen, Bel\u00e4ge und Natursteine f\u00fcr den Innen- und Aussenbereich.","potentialAction":[{"@type":"SearchAction","target":{"@type":"EntryPoint","urlTemplate":"https:\/\/www.hweber-partner.ch\/?s={search_term_string}"},"query-input":"required name=search_term_string"}],"inLanguage":"fr-FR"},{"@type":"ImageObject","@id":"https:\/\/www.hweber-partner.ch\/fr\/dallages\/a-linterieur\/#primaryimage","inLanguage":"fr-FR","url":"https:\/\/www.hweber-partner.ch\/wp-content\/uploads\/2016\/10\/0J8A5872-Bearbeitet1-150x150.jpg","contentUrl":"https:\/\/www.hweber-partner.ch\/wp-content\/uploads\/2016\/10\/0J8A5872-Bearbeitet1-150x150.jpg"},{"@type":"WebPage","@id":"https:\/\/www.hweber-partner.ch\/fr\/dallages\/a-linterieur\/#webpage","url":"https:\/\/www.hweber-partner.ch\/fr\/dallages\/a-linterieur\/","name":"A l\u2019int\u00e9rieur - H. Weber &amp; Partner","isPartOf":{"@id":"https:\/\/www.hweber-partner.ch\/#website"},"primaryImageOfPage":{"@id":"https:\/\/www.hweber-partner.ch\/fr\/dallages\/a-linterieur\/#primaryimage"},"datePublished":"2014-10-30T13:38:23+00:00","dateModified":"2018-06-14T14:30:23+00:00","breadcrumb":{"@id":"https:\/\/www.hweber-partner.ch\/fr\/dallages\/a-linterieur\/#breadcrumb"},"inLanguage":"fr-FR","potentialAction":[{"@type":"ReadAction","target":["https:\/\/www.hweber-partner.ch\/fr\/dallages\/a-linterieur\/"]}]},{"@type":"BreadcrumbList","@id":"https:\/\/www.hweber-partner.ch\/fr\/dallages\/a-linterieur\/#breadcrumb","itemListElement":[{"@type":"ListItem","position":1,"name":"Startseite","item":"https:\/\/www.hweber-partner.ch\/fr\/"},{"@type":"ListItem","position":2,"name":"Dallages","item":"https:\/\/www.hweber-partner.ch\/fr\/dallages\/"},{"@type":"ListItem","position":3,"name":"A l\u2019int\u00e9rieur"}]}]}},"_links":{"self":[{"href":"https:\/\/www.hweber-partner.ch\/fr\/wp-json\/wp\/v2\/pages\/2027"}],"collection":[{"href":"https:\/\/www.hweber-partner.ch\/fr\/wp-json\/wp\/v2\/pages"}],"about":[{"href":"https:\/\/www.hweber-partner.ch\/fr\/wp-json\/wp\/v2\/types\/page"}],"author":[{"embeddable":true,"href":"https:\/\/www.hweber-partner.ch\/fr\/wp-json\/wp\/v2\/users\/5"}],"replies":[{"embeddable":true,"href":"https:\/\/www.hweber-partner.ch\/fr\/wp-json\/wp\/v2\/comments?post=2027"}],"version-history":[{"count":1,"href":"https:\/\/www.hweber-partner.ch\/fr\/wp-json\/wp\/v2\/pages\/2027\/revisions"}],"predecessor-version":[{"id":2030,"href":"https:\/\/www.hweber-partner.ch\/fr\/wp-json\/wp\/v2\/pages\/2027\/revisions\/2030"}],"up":[{"embeddable":true,"href":"https:\/\/www.hweber-partner.ch\/fr\/wp-json\/wp\/v2\/pages\/1916"}],"wp:attachment":[{"href":"https:\/\/www.hweber-partner.ch\/fr\/wp-json\/wp\/v2\/media?parent=2027"}],"curies":[{"name":"wp","href":"https:\/\/api.w.org\/{rel}","templated":true}]}}