{"id":2033,"date":"2014-11-13T14:57:58","date_gmt":"2014-11-13T12:57:58","guid":{"rendered":"https:\/\/www.hweber-partner.ch\/murs-et-escaliers\/mauer\/"},"modified":"2018-06-14T16:32:57","modified_gmt":"2018-06-14T14:32:57","slug":"murs","status":"publish","type":"page","link":"https:\/\/www.hweber-partner.ch\/fr\/murs-et-escaliers\/murs\/","title":{"rendered":"Murs"},"content":{"rendered":"<p><a href=\"https:\/\/www.hweber-partner.ch\/wp-content\/uploads\/2014\/06\/Verlegung-von-Riemchen-aus-Hellas-Quarzit-in-Gstaad.jpg\"><img loading=\"lazy\" class=\"alignnone size-thumbnail wp-image-212\" src=\"https:\/\/www.hweber-partner.ch\/wp-content\/uploads\/2014\/06\/Verlegung-von-Riemchen-aus-Hellas-Quarzit-in-Gstaad-150x150.jpg\" alt=\"Verlegung von Riemchen aus Hellas Quarzit in Gstaad\" width=\"150\" height=\"150\" srcset=\"https:\/\/www.hweber-partner.ch\/wp-content\/uploads\/sites\/16\/2014\/06\/Verlegung-von-Riemchen-aus-Hellas-Quarzit-in-Gstaad-150x150.jpg 150w, https:\/\/www.hweber-partner.ch\/wp-content\/uploads\/sites\/16\/2014\/06\/Verlegung-von-Riemchen-aus-Hellas-Quarzit-in-Gstaad-200x200.jpg 200w, https:\/\/www.hweber-partner.ch\/wp-content\/uploads\/sites\/16\/2014\/06\/Verlegung-von-Riemchen-aus-Hellas-Quarzit-in-Gstaad-400x400.jpg 400w, https:\/\/www.hweber-partner.ch\/wp-content\/uploads\/sites\/16\/2014\/06\/Verlegung-von-Riemchen-aus-Hellas-Quarzit-in-Gstaad-800x800.jpg 800w\" sizes=\"(max-width: 150px) 100vw, 150px\" \/><\/a>\u00a0<a href=\"https:\/\/www.hweber-partner.ch\/wp-content\/uploads\/2014\/10\/Bild-565.jpg\"><img loading=\"lazy\" class=\"alignnone wp-image-461 size-thumbnail\" src=\"https:\/\/www.hweber-partner.ch\/wp-content\/uploads\/2014\/10\/Bild-565-150x150.jpg\" alt=\"Mauern 1\" width=\"150\" height=\"150\" srcset=\"https:\/\/www.hweber-partner.ch\/wp-content\/uploads\/sites\/16\/2014\/10\/Bild-565-150x150.jpg 150w, https:\/\/www.hweber-partner.ch\/wp-content\/uploads\/sites\/16\/2014\/10\/Bild-565-200x200.jpg 200w, https:\/\/www.hweber-partner.ch\/wp-content\/uploads\/sites\/16\/2014\/10\/Bild-565-400x400.jpg 400w, https:\/\/www.hweber-partner.ch\/wp-content\/uploads\/sites\/16\/2014\/10\/Bild-565-800x800.jpg 800w\" sizes=\"(max-width: 150px) 100vw, 150px\" \/><\/a>\u00a0<a href=\"https:\/\/www.hweber-partner.ch\/wp-content\/uploads\/2014\/05\/mauern.jpg\"><img loading=\"lazy\" class=\"alignnone wp-image-105 size-thumbnail\" src=\"https:\/\/www.hweber-partner.ch\/wp-content\/uploads\/2014\/05\/mauern-150x150.jpg\" alt=\"mauern\" width=\"150\" height=\"150\" srcset=\"https:\/\/www.hweber-partner.ch\/wp-content\/uploads\/sites\/16\/2014\/05\/mauern-150x150.jpg 150w, https:\/\/www.hweber-partner.ch\/wp-content\/uploads\/sites\/16\/2014\/05\/mauern-200x200.jpg 200w, https:\/\/www.hweber-partner.ch\/wp-content\/uploads\/sites\/16\/2014\/05\/mauern-400x400.jpg 400w\" sizes=\"(max-width: 150px) 100vw, 150px\" \/><\/a>\u00a0<a href=\"https:\/\/www.hweber-partner.ch\/wp-content\/uploads\/2014\/10\/Bild-531.jpg\"><img loading=\"lazy\" class=\"alignnone wp-image-465 size-thumbnail\" src=\"https:\/\/www.hweber-partner.ch\/wp-content\/uploads\/2014\/10\/Bild-531-150x150.jpg\" alt=\"Natursteinmauer 2\" width=\"150\" height=\"150\" srcset=\"https:\/\/www.hweber-partner.ch\/wp-content\/uploads\/sites\/16\/2014\/10\/Bild-531-150x150.jpg 150w, https:\/\/www.hweber-partner.ch\/wp-content\/uploads\/sites\/16\/2014\/10\/Bild-531-200x200.jpg 200w, https:\/\/www.hweber-partner.ch\/wp-content\/uploads\/sites\/16\/2014\/10\/Bild-531-400x400.jpg 400w, https:\/\/www.hweber-partner.ch\/wp-content\/uploads\/sites\/16\/2014\/10\/Bild-531-800x800.jpg 800w\" sizes=\"(max-width: 150px) 100vw, 150px\" \/><\/a><\/p>\n<p><a href=\"https:\/\/www.hweber-partner.ch\/wp-content\/uploads\/2014\/06\/Bild-551.jpg\"><img loading=\"lazy\" class=\"alignnone wp-image-269 size-thumbnail\" src=\"https:\/\/www.hweber-partner.ch\/wp-content\/uploads\/2014\/06\/Bild-551-150x150.jpg\" alt=\"Bild 551\" width=\"150\" height=\"150\" srcset=\"https:\/\/www.hweber-partner.ch\/wp-content\/uploads\/sites\/16\/2014\/06\/Bild-551-150x150.jpg 150w, https:\/\/www.hweber-partner.ch\/wp-content\/uploads\/sites\/16\/2014\/06\/Bild-551-200x200.jpg 200w, https:\/\/www.hweber-partner.ch\/wp-content\/uploads\/sites\/16\/2014\/06\/Bild-551-400x400.jpg 400w, https:\/\/www.hweber-partner.ch\/wp-content\/uploads\/sites\/16\/2014\/06\/Bild-551-800x800.jpg 800w\" sizes=\"(max-width: 150px) 100vw, 150px\" \/><\/a>\u00a0<a href=\"https:\/\/www.hweber-partner.ch\/wp-content\/uploads\/2014\/10\/Bild-532.jpg\"><img loading=\"lazy\" class=\"alignnone wp-image-463 size-thumbnail\" src=\"https:\/\/www.hweber-partner.ch\/wp-content\/uploads\/2014\/10\/Bild-532-150x150.jpg\" alt=\"Natursteinmauer 1\" width=\"150\" height=\"150\" srcset=\"https:\/\/www.hweber-partner.ch\/wp-content\/uploads\/sites\/16\/2014\/10\/Bild-532-150x150.jpg 150w, https:\/\/www.hweber-partner.ch\/wp-content\/uploads\/sites\/16\/2014\/10\/Bild-532-200x200.jpg 200w, https:\/\/www.hweber-partner.ch\/wp-content\/uploads\/sites\/16\/2014\/10\/Bild-532-400x400.jpg 400w, https:\/\/www.hweber-partner.ch\/wp-content\/uploads\/sites\/16\/2014\/10\/Bild-532-800x800.jpg 800w\" sizes=\"(max-width: 150px) 100vw, 150px\" \/><\/a>\u00a0<a href=\"https:\/\/www.hweber-partner.ch\/wp-content\/uploads\/2014\/11\/DSC02815.jpg\"><img loading=\"lazy\" class=\"alignnone wp-image-688 size-thumbnail\" src=\"https:\/\/www.hweber-partner.ch\/wp-content\/uploads\/2014\/11\/DSC02815-150x150.jpg\" alt=\"Mauer Naturstein 1\" width=\"150\" height=\"150\" srcset=\"https:\/\/www.hweber-partner.ch\/wp-content\/uploads\/sites\/16\/2014\/11\/DSC02815-150x150.jpg 150w, https:\/\/www.hweber-partner.ch\/wp-content\/uploads\/sites\/16\/2014\/11\/DSC02815-200x200.jpg 200w, https:\/\/www.hweber-partner.ch\/wp-content\/uploads\/sites\/16\/2014\/11\/DSC02815-400x400.jpg 400w, https:\/\/www.hweber-partner.ch\/wp-content\/uploads\/sites\/16\/2014\/11\/DSC02815-800x800.jpg 800w\" sizes=\"(max-width: 150px) 100vw, 150px\" \/><\/a>\u00a0<a href=\"https:\/\/www.hweber-partner.ch\/wp-content\/uploads\/2014\/06\/Hotel-Hilton-Davos-Naturstein-Corto-Schiefer-und-Crema-Marfil.jpg\"><img loading=\"lazy\" class=\"alignnone size-thumbnail wp-image-216\" src=\"https:\/\/www.hweber-partner.ch\/wp-content\/uploads\/2014\/06\/Hotel-Hilton-Davos-Naturstein-Corto-Schiefer-und-Crema-Marfil-150x150.jpg\" alt=\"Hotel Hilton Davos Naturstein Corto Schiefer und Crema Marfil\" width=\"150\" height=\"150\" srcset=\"https:\/\/www.hweber-partner.ch\/wp-content\/uploads\/sites\/16\/2014\/06\/Hotel-Hilton-Davos-Naturstein-Corto-Schiefer-und-Crema-Marfil-150x150.jpg 150w, https:\/\/www.hweber-partner.ch\/wp-content\/uploads\/sites\/16\/2014\/06\/Hotel-Hilton-Davos-Naturstein-Corto-Schiefer-und-Crema-Marfil-200x200.jpg 200w, https:\/\/www.hweber-partner.ch\/wp-content\/uploads\/sites\/16\/2014\/06\/Hotel-Hilton-Davos-Naturstein-Corto-Schiefer-und-Crema-Marfil-400x400.jpg 400w, https:\/\/www.hweber-partner.ch\/wp-content\/uploads\/sites\/16\/2014\/06\/Hotel-Hilton-Davos-Naturstein-Corto-Schiefer-und-Crema-Marfil-800x800.jpg 800w\" sizes=\"(max-width: 150px) 100vw, 150px\" \/><\/a><\/p>\n<p>&nbsp;<\/p>\n<p>&nbsp;<\/p>\n<p>&nbsp;<\/p>\n","protected":false},"excerpt":{"rendered":"<p>\u00a0\u00a0\u00a0 \u00a0\u00a0\u00a0 &nbsp; &nbsp; &nbsp;<\/p>\n","protected":false},"author":5,"featured_media":0,"parent":1917,"menu_order":0,"comment_status":"open","ping_status":"open","template":"","meta":[],"acf":[],"yoast_head":"<!-- This site is optimized with the Yoast SEO plugin v18.5.1 - https:\/\/yoast.com\/wordpress\/plugins\/seo\/ -->\n<title>Murs - H. Weber &amp; Partner<\/title>\n<meta name=\"robots\" content=\"index, follow, max-snippet:-1, max-image-preview:large, max-video-preview:-1\" \/>\n<link rel=\"canonical\" href=\"https:\/\/www.hweber-partner.ch\/fr\/murs-et-escaliers\/murs\/\" \/>\n<meta property=\"og:locale\" content=\"fr_FR\" \/>\n<meta property=\"og:type\" content=\"article\" \/>\n<meta property=\"og:title\" content=\"Murs - H. Weber &amp; Partner\" \/>\n<meta property=\"og:description\" content=\"\u00a0\u00a0\u00a0 \u00a0\u00a0\u00a0 &nbsp; &nbsp; &nbsp;\" \/>\n<meta property=\"og:url\" content=\"https:\/\/www.hweber-partner.ch\/fr\/murs-et-escaliers\/murs\/\" \/>\n<meta property=\"og:site_name\" content=\"H. Weber &amp; Partner\" \/>\n<meta property=\"article:modified_time\" content=\"2018-06-14T14:32:57+00:00\" \/>\n<meta property=\"og:image\" content=\"https:\/\/www.hweber-partner.ch\/wp-content\/uploads\/2014\/06\/Verlegung-von-Riemchen-aus-Hellas-Quarzit-in-Gstaad-150x150.jpg\" \/>\n<meta name=\"twitter:card\" content=\"summary_large_image\" \/>\n<script type=\"application\/ld+json\" class=\"yoast-schema-graph\">{\"@context\":\"https:\/\/schema.org\",\"@graph\":[{\"@type\":\"WebSite\",\"@id\":\"https:\/\/www.hweber-partner.ch\/#website\",\"url\":\"https:\/\/www.hweber-partner.ch\/\",\"name\":\"H. Weber &amp; Partner\",\"description\":\"Hochwertige Pfl\u00e4sterungen, Bel\u00e4ge und Natursteine f\u00fcr den Innen- und Aussenbereich.\",\"potentialAction\":[{\"@type\":\"SearchAction\",\"target\":{\"@type\":\"EntryPoint\",\"urlTemplate\":\"https:\/\/www.hweber-partner.ch\/?s={search_term_string}\"},\"query-input\":\"required name=search_term_string\"}],\"inLanguage\":\"fr-FR\"},{\"@type\":\"ImageObject\",\"@id\":\"https:\/\/www.hweber-partner.ch\/fr\/murs-et-escaliers\/murs\/#primaryimage\",\"inLanguage\":\"fr-FR\",\"url\":\"https:\/\/www.hweber-partner.ch\/wp-content\/uploads\/2014\/06\/Verlegung-von-Riemchen-aus-Hellas-Quarzit-in-Gstaad-150x150.jpg\",\"contentUrl\":\"https:\/\/www.hweber-partner.ch\/wp-content\/uploads\/2014\/06\/Verlegung-von-Riemchen-aus-Hellas-Quarzit-in-Gstaad-150x150.jpg\"},{\"@type\":\"WebPage\",\"@id\":\"https:\/\/www.hweber-partner.ch\/fr\/murs-et-escaliers\/murs\/#webpage\",\"url\":\"https:\/\/www.hweber-partner.ch\/fr\/murs-et-escaliers\/murs\/\",\"name\":\"Murs - H. Weber &amp; Partner\",\"isPartOf\":{\"@id\":\"https:\/\/www.hweber-partner.ch\/#website\"},\"primaryImageOfPage\":{\"@id\":\"https:\/\/www.hweber-partner.ch\/fr\/murs-et-escaliers\/murs\/#primaryimage\"},\"datePublished\":\"2014-11-13T12:57:58+00:00\",\"dateModified\":\"2018-06-14T14:32:57+00:00\",\"breadcrumb\":{\"@id\":\"https:\/\/www.hweber-partner.ch\/fr\/murs-et-escaliers\/murs\/#breadcrumb\"},\"inLanguage\":\"fr-FR\",\"potentialAction\":[{\"@type\":\"ReadAction\",\"target\":[\"https:\/\/www.hweber-partner.ch\/fr\/murs-et-escaliers\/murs\/\"]}]},{\"@type\":\"BreadcrumbList\",\"@id\":\"https:\/\/www.hweber-partner.ch\/fr\/murs-et-escaliers\/murs\/#breadcrumb\",\"itemListElement\":[{\"@type\":\"ListItem\",\"position\":1,\"name\":\"Startseite\",\"item\":\"https:\/\/www.hweber-partner.ch\/fr\/\"},{\"@type\":\"ListItem\",\"position\":2,\"name\":\"Murs et escaliers\",\"item\":\"https:\/\/www.hweber-partner.ch\/fr\/murs-et-escaliers\/\"},{\"@type\":\"ListItem\",\"position\":3,\"name\":\"Murs\"}]}]}<\/script>\n<!-- \/ Yoast SEO plugin. -->","yoast_head_json":{"title":"Murs - H. Weber &amp; Partner","robots":{"index":"index","follow":"follow","max-snippet":"max-snippet:-1","max-image-preview":"max-image-preview:large","max-video-preview":"max-video-preview:-1"},"canonical":"https:\/\/www.hweber-partner.ch\/fr\/murs-et-escaliers\/murs\/","og_locale":"fr_FR","og_type":"article","og_title":"Murs - H. Weber &amp; Partner","og_description":"\u00a0\u00a0\u00a0 \u00a0\u00a0\u00a0 &nbsp; &nbsp; &nbsp;","og_url":"https:\/\/www.hweber-partner.ch\/fr\/murs-et-escaliers\/murs\/","og_site_name":"H. Weber &amp; Partner","article_modified_time":"2018-06-14T14:32:57+00:00","og_image":[{"url":"https:\/\/www.hweber-partner.ch\/wp-content\/uploads\/2014\/06\/Verlegung-von-Riemchen-aus-Hellas-Quarzit-in-Gstaad-150x150.jpg"}],"twitter_card":"summary_large_image","schema":{"@context":"https:\/\/schema.org","@graph":[{"@type":"WebSite","@id":"https:\/\/www.hweber-partner.ch\/#website","url":"https:\/\/www.hweber-partner.ch\/","name":"H. Weber &amp; Partner","description":"Hochwertige Pfl\u00e4sterungen, Bel\u00e4ge und Natursteine f\u00fcr den Innen- und Aussenbereich.","potentialAction":[{"@type":"SearchAction","target":{"@type":"EntryPoint","urlTemplate":"https:\/\/www.hweber-partner.ch\/?s={search_term_string}"},"query-input":"required name=search_term_string"}],"inLanguage":"fr-FR"},{"@type":"ImageObject","@id":"https:\/\/www.hweber-partner.ch\/fr\/murs-et-escaliers\/murs\/#primaryimage","inLanguage":"fr-FR","url":"https:\/\/www.hweber-partner.ch\/wp-content\/uploads\/2014\/06\/Verlegung-von-Riemchen-aus-Hellas-Quarzit-in-Gstaad-150x150.jpg","contentUrl":"https:\/\/www.hweber-partner.ch\/wp-content\/uploads\/2014\/06\/Verlegung-von-Riemchen-aus-Hellas-Quarzit-in-Gstaad-150x150.jpg"},{"@type":"WebPage","@id":"https:\/\/www.hweber-partner.ch\/fr\/murs-et-escaliers\/murs\/#webpage","url":"https:\/\/www.hweber-partner.ch\/fr\/murs-et-escaliers\/murs\/","name":"Murs - H. Weber &amp; Partner","isPartOf":{"@id":"https:\/\/www.hweber-partner.ch\/#website"},"primaryImageOfPage":{"@id":"https:\/\/www.hweber-partner.ch\/fr\/murs-et-escaliers\/murs\/#primaryimage"},"datePublished":"2014-11-13T12:57:58+00:00","dateModified":"2018-06-14T14:32:57+00:00","breadcrumb":{"@id":"https:\/\/www.hweber-partner.ch\/fr\/murs-et-escaliers\/murs\/#breadcrumb"},"inLanguage":"fr-FR","potentialAction":[{"@type":"ReadAction","target":["https:\/\/www.hweber-partner.ch\/fr\/murs-et-escaliers\/murs\/"]}]},{"@type":"BreadcrumbList","@id":"https:\/\/www.hweber-partner.ch\/fr\/murs-et-escaliers\/murs\/#breadcrumb","itemListElement":[{"@type":"ListItem","position":1,"name":"Startseite","item":"https:\/\/www.hweber-partner.ch\/fr\/"},{"@type":"ListItem","position":2,"name":"Murs et escaliers","item":"https:\/\/www.hweber-partner.ch\/fr\/murs-et-escaliers\/"},{"@type":"ListItem","position":3,"name":"Murs"}]}]}},"_links":{"self":[{"href":"https:\/\/www.hweber-partner.ch\/fr\/wp-json\/wp\/v2\/pages\/2033"}],"collection":[{"href":"https:\/\/www.hweber-partner.ch\/fr\/wp-json\/wp\/v2\/pages"}],"about":[{"href":"https:\/\/www.hweber-partner.ch\/fr\/wp-json\/wp\/v2\/types\/page"}],"author":[{"embeddable":true,"href":"https:\/\/www.hweber-partner.ch\/fr\/wp-json\/wp\/v2\/users\/5"}],"replies":[{"embeddable":true,"href":"https:\/\/www.hweber-partner.ch\/fr\/wp-json\/wp\/v2\/comments?post=2033"}],"version-history":[{"count":1,"href":"https:\/\/www.hweber-partner.ch\/fr\/wp-json\/wp\/v2\/pages\/2033\/revisions"}],"predecessor-version":[{"id":2038,"href":"https:\/\/www.hweber-partner.ch\/fr\/wp-json\/wp\/v2\/pages\/2033\/revisions\/2038"}],"up":[{"embeddable":true,"href":"https:\/\/www.hweber-partner.ch\/fr\/wp-json\/wp\/v2\/pages\/1917"}],"wp:attachment":[{"href":"https:\/\/www.hweber-partner.ch\/fr\/wp-json\/wp\/v2\/media?parent=2033"}],"curies":[{"name":"wp","href":"https:\/\/api.w.org\/{rel}","templated":true}]}}